{"id":86,"date":"2019-05-08T21:11:57","date_gmt":"2019-05-08T19:11:57","guid":{"rendered":"http:\/\/dev.torbice.eu\/?post_type=product&#038;p=86"},"modified":"2019-05-15T22:34:10","modified_gmt":"2019-05-15T20:34:10","slug":"prazne-tubice","status":"publish","type":"product","link":"https:\/\/www.torbice.eu\/hr\/izdelek\/prazne-tubice\/","title":{"rendered":"Prazne tubice"},"content":{"rendered":"<p>Enkratno je, ko gremo na potovanje in ho\u010demo s seboj vzeti svoja posebna mila, ampak nam ni, da bi nosili vso to te\u017eo s seboj, zato je pametna investicija v te majhne tubice in noter samo vlijemo svoje najljub\u0161e gele za tu\u0161iranje, ali kremice ali karkoli druga in lepo nesemo s seboj ter zasedejo izjemno malo prostora. Ali pa \u010de \u017eelimo komu dati nek vzor\u010dek pa nimamo ni\u010desar pri roki je to idelano, saj je majhno in priro\u010dno.<\/p>\n","protected":false},"excerpt":{"rendered":"<p>Enkratno je, ko gremo na potovanje in ho\u010demo s seboj vzeti svoja posebna mila, ampak nam ni, da bi nosili vso to te\u017eo s seboj, zato je pametna investicija v te majhne tubice in noter samo vlijemo svoje najljub\u0161e gele za tu\u0161iranje, ali kremice ali karkoli druga in lepo nesemo s seboj ter zasedejo izjemno [&#8230;]\n","protected":false},"featured_media":2105,"comment_status":"open","ping_status":"closed","template":"","meta":[],"product_brand":[],"product_cat":[23],"product_tag":[],"yst_prominent_words":[],"class_list":{"0":"post-86","1":"product","2":"type-product","3":"status-publish","4":"has-post-thumbnail","6":"product_cat-dodatki","8":"first","9":"instock","10":"taxable","11":"shipping-taxable","12":"purchasable","13":"product-type-simple"},"_links":{"self":[{"href":"https:\/\/www.torbice.eu\/hr\/wp-json\/wp\/v2\/product\/86","targetHints":{"allow":["GET"]}}],"collection":[{"href":"https:\/\/www.torbice.eu\/hr\/wp-json\/wp\/v2\/product"}],"about":[{"href":"https:\/\/www.torbice.eu\/hr\/wp-json\/wp\/v2\/types\/product"}],"replies":[{"embeddable":true,"href":"https:\/\/www.torbice.eu\/hr\/wp-json\/wp\/v2\/comments?post=86"}],"wp:featuredmedia":[{"embeddable":true,"href":"https:\/\/www.torbice.eu\/hr\/wp-json\/wp\/v2\/media\/2105"}],"wp:attachment":[{"href":"https:\/\/www.torbice.eu\/hr\/wp-json\/wp\/v2\/media?parent=86"}],"wp:term":[{"taxonomy":"product_brand","embeddable":true,"href":"https:\/\/www.torbice.eu\/hr\/wp-json\/wp\/v2\/product_brand?post=86"},{"taxonomy":"product_cat","embeddable":true,"href":"https:\/\/www.torbice.eu\/hr\/wp-json\/wp\/v2\/product_cat?post=86"},{"taxonomy":"product_tag","embeddable":true,"href":"https:\/\/www.torbice.eu\/hr\/wp-json\/wp\/v2\/product_tag?post=86"},{"taxonomy":"yst_prominent_words","embeddable":true,"href":"https:\/\/www.torbice.eu\/hr\/wp-json\/wp\/v2\/yst_prominent_words?post=86"}],"curies":[{"name":"wp","href":"https:\/\/api.w.org\/{rel}","templated":true}]}}