{"id":84,"date":"2019-05-08T21:09:25","date_gmt":"2019-05-08T19:09:25","guid":{"rendered":"http:\/\/dev.torbice.eu\/?post_type=product&#038;p=84"},"modified":"2020-03-03T18:24:59","modified_gmt":"2020-03-03T17:24:59","slug":"obesek-za-kljuce-torbico","status":"publish","type":"product","link":"https:\/\/www.torbice.eu\/hr\/izdelek\/obesek-za-kljuce-torbico\/","title":{"rendered":"Obesek za klju\u010de\/torbico"},"content":{"rendered":"<p>Kaj je lep\u0161ega kot pa to, da imamo na torbici ali pa klju\u010dah nek obesek. Meni osebno je izjemno lepo, ko imam na svojih klju\u010dah obesek in tako jih tudi hitreje najdem. Tale mini obesek je pa \u0161e bolj\u0161i kot recimo nek puhec, saj lahko vanj tudi kaj pospravimo, recimo drobi\u017e, labelo, kak\u0161no \u010dokoladico skrijemo in podobno.<\/p>\n<p>In ti je v\u0161e\u010d? Meni je TOP!<\/p>\n<p>Mere so razvidne na prilo\u017eeni fotografiji.<\/p>\n","protected":false},"excerpt":{"rendered":"<p>Kaj je lep\u0161ega kot pa to, da imamo na torbici ali pa klju\u010dah nek obesek. Meni osebno je izjemno lepo, ko imam na svojih klju\u010dah obesek in tako jih tudi hitreje najdem. Tale mini obesek je pa \u0161e bolj\u0161i kot recimo nek puhec, saj lahko vanj tudi kaj pospravimo, recimo drobi\u017e, labelo, kak\u0161no \u010dokoladico skrijemo in podobno.<\/p>\n<p>In ti je v\u0161e\u010d? Meni je TOP!<\/p>\n","protected":false},"featured_media":2109,"comment_status":"open","ping_status":"closed","template":"","meta":[],"product_brand":[],"product_cat":[23],"product_tag":[],"yst_prominent_words":[],"class_list":{"0":"post-84","1":"product","2":"type-product","3":"status-publish","4":"has-post-thumbnail","6":"product_cat-dodatki","8":"first","9":"instock","10":"sale","11":"taxable","12":"shipping-taxable","13":"purchasable","14":"product-type-simple"},"_links":{"self":[{"href":"https:\/\/www.torbice.eu\/hr\/wp-json\/wp\/v2\/product\/84","targetHints":{"allow":["GET"]}}],"collection":[{"href":"https:\/\/www.torbice.eu\/hr\/wp-json\/wp\/v2\/product"}],"about":[{"href":"https:\/\/www.torbice.eu\/hr\/wp-json\/wp\/v2\/types\/product"}],"replies":[{"embeddable":true,"href":"https:\/\/www.torbice.eu\/hr\/wp-json\/wp\/v2\/comments?post=84"}],"wp:featuredmedia":[{"embeddable":true,"href":"https:\/\/www.torbice.eu\/hr\/wp-json\/wp\/v2\/media\/2109"}],"wp:attachment":[{"href":"https:\/\/www.torbice.eu\/hr\/wp-json\/wp\/v2\/media?parent=84"}],"wp:term":[{"taxonomy":"product_brand","embeddable":true,"href":"https:\/\/www.torbice.eu\/hr\/wp-json\/wp\/v2\/product_brand?post=84"},{"taxonomy":"product_cat","embeddable":true,"href":"https:\/\/www.torbice.eu\/hr\/wp-json\/wp\/v2\/product_cat?post=84"},{"taxonomy":"product_tag","embeddable":true,"href":"https:\/\/www.torbice.eu\/hr\/wp-json\/wp\/v2\/product_tag?post=84"},{"taxonomy":"yst_prominent_words","embeddable":true,"href":"https:\/\/www.torbice.eu\/hr\/wp-json\/wp\/v2\/yst_prominent_words?post=84"}],"curies":[{"name":"wp","href":"https:\/\/api.w.org\/{rel}","templated":true}]}}