{"id":8104,"date":"2020-05-06T11:43:08","date_gmt":"2020-05-06T09:43:08","guid":{"rendered":"https:\/\/www.torbice.eu\/?post_type=product&#038;p=8104"},"modified":"2023-08-04T18:43:04","modified_gmt":"2023-08-04T16:43:04","slug":"zenska-torba-mina-beige","status":"publish","type":"product","link":"https:\/\/www.torbice.eu\/hr\/izdelek\/zenska-torba-mina-beige\/","title":{"rendered":"\u017denska torba Mina beige"},"content":{"rendered":"<p>I\u0161\u010de\u0161 lahkotno torbico? Tale bo prava zate ?<\/p>\n<ul>\n<li>Dimenzije: 42 x 34 cm<\/li>\n<li>Zapiranje z zadrgo<\/li>\n<li>Notranji \u017eepki za la\u017ejo organizacijo<\/li>\n<li>Nastavljivi ro\u010daji za no\u0161enje torbice<\/li>\n<\/ul>\n","protected":false},"excerpt":{"rendered":"<p>I\u0161\u010de\u0161 lahkotno torbico? Tale bo prava zate ? Dimenzije: 42 x 34 cm Zapiranje z zadrgo Notranji \u017eepki za la\u017ejo organizacijo Nastavljivi ro\u010daji za no\u0161enje torbice<\/p>\n","protected":false},"featured_media":8020,"comment_status":"open","ping_status":"closed","template":"","meta":[],"product_brand":[],"product_cat":[19],"product_tag":[],"yst_prominent_words":[],"class_list":{"0":"post-8104","1":"product","2":"type-product","3":"status-publish","4":"has-post-thumbnail","6":"product_cat-torbice","8":"first","9":"instock","10":"sale","11":"taxable","12":"shipping-taxable","13":"purchasable","14":"product-type-simple"},"_links":{"self":[{"href":"https:\/\/www.torbice.eu\/hr\/wp-json\/wp\/v2\/product\/8104","targetHints":{"allow":["GET"]}}],"collection":[{"href":"https:\/\/www.torbice.eu\/hr\/wp-json\/wp\/v2\/product"}],"about":[{"href":"https:\/\/www.torbice.eu\/hr\/wp-json\/wp\/v2\/types\/product"}],"replies":[{"embeddable":true,"href":"https:\/\/www.torbice.eu\/hr\/wp-json\/wp\/v2\/comments?post=8104"}],"wp:featuredmedia":[{"embeddable":true,"href":"https:\/\/www.torbice.eu\/hr\/wp-json\/wp\/v2\/media\/8020"}],"wp:attachment":[{"href":"https:\/\/www.torbice.eu\/hr\/wp-json\/wp\/v2\/media?parent=8104"}],"wp:term":[{"taxonomy":"product_brand","embeddable":true,"href":"https:\/\/www.torbice.eu\/hr\/wp-json\/wp\/v2\/product_brand?post=8104"},{"taxonomy":"product_cat","embeddable":true,"href":"https:\/\/www.torbice.eu\/hr\/wp-json\/wp\/v2\/product_cat?post=8104"},{"taxonomy":"product_tag","embeddable":true,"href":"https:\/\/www.torbice.eu\/hr\/wp-json\/wp\/v2\/product_tag?post=8104"},{"taxonomy":"yst_prominent_words","embeddable":true,"href":"https:\/\/www.torbice.eu\/hr\/wp-json\/wp\/v2\/yst_prominent_words?post=8104"}],"curies":[{"name":"wp","href":"https:\/\/api.w.org\/{rel}","templated":true}]}}