{"id":8098,"date":"2020-05-06T11:15:26","date_gmt":"2020-05-06T09:15:26","guid":{"rendered":"https:\/\/www.torbice.eu\/?post_type=product&#038;p=8098"},"modified":"2022-02-07T15:28:10","modified_gmt":"2022-02-07T14:28:10","slug":"zenska-torbica-mavi-temno-rjava","status":"publish","type":"product","link":"https:\/\/www.torbice.eu\/hr\/izdelek\/zenska-torbica-mavi-temno-rjava\/","title":{"rendered":"\u017denska torbica Mavi temno rjava"},"content":{"rendered":"<p>\u017denska torbica s kovinskimi dodatki<\/p>\n<ul>\n<li>Dimenzije: 33 x 36 x 16 cm<\/li>\n<li>Dol\u017eina ro\u010daja: 28 cm<\/li>\n<li>Podlo\u017eena in prostorna notranjost<\/li>\n<li>Kovinske nogice na zunanji spodnji strani<\/li>\n<li>\u017depek z zadrgo in zavihki v notranjosti za la\u017ejo organizacijo stvari<\/li>\n<li>Zapiranje torbice z vrtljivim gumbom<\/li>\n<\/ul>\n<h3>Barva torbice je druga\u010dna kot na produktni fotografiji. Prosim pi\u0161ite za ve\u010d informacij.<\/h3>\n","protected":false},"excerpt":{"rendered":"<p>\u017denska torbica s kovinskimi dodatki Dimenzije: 33 x 36 x 16 cm Dol\u017eina ro\u010daja: 28 cm Podlo\u017eena in prostorna notranjost Kovinske nogice na zunanji spodnji strani \u017depek z zadrgo in zavihki v notranjosti za la\u017ejo organizacijo stvari Zapiranje torbice z vrtljivim gumbom Barva torbice je druga\u010dna kot na produktni fotografiji. Prosim pi\u0161ite za ve\u010d informacij.<\/p>\n","protected":false},"featured_media":8082,"comment_status":"open","ping_status":"closed","template":"","meta":[],"product_brand":[],"product_cat":[19],"product_tag":[],"yst_prominent_words":[],"class_list":{"0":"post-8098","1":"product","2":"type-product","3":"status-publish","4":"has-post-thumbnail","6":"product_cat-torbice","8":"first","9":"instock","10":"sale","11":"taxable","12":"shipping-taxable","13":"purchasable","14":"product-type-simple"},"_links":{"self":[{"href":"https:\/\/www.torbice.eu\/hr\/wp-json\/wp\/v2\/product\/8098","targetHints":{"allow":["GET"]}}],"collection":[{"href":"https:\/\/www.torbice.eu\/hr\/wp-json\/wp\/v2\/product"}],"about":[{"href":"https:\/\/www.torbice.eu\/hr\/wp-json\/wp\/v2\/types\/product"}],"replies":[{"embeddable":true,"href":"https:\/\/www.torbice.eu\/hr\/wp-json\/wp\/v2\/comments?post=8098"}],"wp:featuredmedia":[{"embeddable":true,"href":"https:\/\/www.torbice.eu\/hr\/wp-json\/wp\/v2\/media\/8082"}],"wp:attachment":[{"href":"https:\/\/www.torbice.eu\/hr\/wp-json\/wp\/v2\/media?parent=8098"}],"wp:term":[{"taxonomy":"product_brand","embeddable":true,"href":"https:\/\/www.torbice.eu\/hr\/wp-json\/wp\/v2\/product_brand?post=8098"},{"taxonomy":"product_cat","embeddable":true,"href":"https:\/\/www.torbice.eu\/hr\/wp-json\/wp\/v2\/product_cat?post=8098"},{"taxonomy":"product_tag","embeddable":true,"href":"https:\/\/www.torbice.eu\/hr\/wp-json\/wp\/v2\/product_tag?post=8098"},{"taxonomy":"yst_prominent_words","embeddable":true,"href":"https:\/\/www.torbice.eu\/hr\/wp-json\/wp\/v2\/yst_prominent_words?post=8098"}],"curies":[{"name":"wp","href":"https:\/\/api.w.org\/{rel}","templated":true}]}}