{"id":7852,"date":"2020-02-20T23:00:31","date_gmt":"2020-02-20T22:00:31","guid":{"rendered":"https:\/\/www.torbice.eu\/izdelek\/vecernja-torbca-bizza-smeda\/"},"modified":"2020-02-26T22:27:39","modified_gmt":"2020-02-26T21:27:39","slug":"vecernja-torbca-bizza-smeda","status":"publish","type":"product","link":"https:\/\/www.torbice.eu\/hr\/izdelek\/vecernja-torbca-bizza-smeda\/","title":{"rendered":"Ve\u010dernja torbca Bizza sme\u0111a"},"content":{"rendered":"<p>Prekrasna ve\u010dernja torba &#8211; elegantna i jednostavna<\/p>\n<ul>\n<li>Prilo\u017eena naramenica<\/li>\n<li>Dimenzije: 23 x 15,5 x 4,5 cm<\/li>\n<\/ul>\n","protected":false},"excerpt":{"rendered":"<p>Prekrasna ve\u010dernja torba &#8211; elegantna i jednostavna Prilo\u017eena naramenica Dimenzije: 23 x 15,5 x 4,5 cm<\/p>\n","protected":false},"featured_media":7712,"comment_status":"open","ping_status":"closed","template":"","meta":[],"product_brand":[],"product_cat":[43],"product_tag":[],"yst_prominent_words":[],"class_list":{"0":"post-7852","1":"product","2":"type-product","3":"status-publish","4":"has-post-thumbnail","6":"product_cat-vecernje-torbe","8":"first","9":"outofstock","10":"sale","11":"taxable","12":"shipping-taxable","13":"purchasable","14":"product-type-simple"},"_links":{"self":[{"href":"https:\/\/www.torbice.eu\/hr\/wp-json\/wp\/v2\/product\/7852","targetHints":{"allow":["GET"]}}],"collection":[{"href":"https:\/\/www.torbice.eu\/hr\/wp-json\/wp\/v2\/product"}],"about":[{"href":"https:\/\/www.torbice.eu\/hr\/wp-json\/wp\/v2\/types\/product"}],"replies":[{"embeddable":true,"href":"https:\/\/www.torbice.eu\/hr\/wp-json\/wp\/v2\/comments?post=7852"}],"wp:featuredmedia":[{"embeddable":true,"href":"https:\/\/www.torbice.eu\/hr\/wp-json\/wp\/v2\/media\/7712"}],"wp:attachment":[{"href":"https:\/\/www.torbice.eu\/hr\/wp-json\/wp\/v2\/media?parent=7852"}],"wp:term":[{"taxonomy":"product_brand","embeddable":true,"href":"https:\/\/www.torbice.eu\/hr\/wp-json\/wp\/v2\/product_brand?post=7852"},{"taxonomy":"product_cat","embeddable":true,"href":"https:\/\/www.torbice.eu\/hr\/wp-json\/wp\/v2\/product_cat?post=7852"},{"taxonomy":"product_tag","embeddable":true,"href":"https:\/\/www.torbice.eu\/hr\/wp-json\/wp\/v2\/product_tag?post=7852"},{"taxonomy":"yst_prominent_words","embeddable":true,"href":"https:\/\/www.torbice.eu\/hr\/wp-json\/wp\/v2\/yst_prominent_words?post=7852"}],"curies":[{"name":"wp","href":"https:\/\/api.w.org\/{rel}","templated":true}]}}