{"id":7715,"date":"2020-02-20T23:02:12","date_gmt":"2020-02-20T22:02:13","guid":{"rendered":"https:\/\/www.torbice.eu\/?post_type=product&#038;p=7715"},"modified":"2021-06-11T13:12:51","modified_gmt":"2021-06-11T11:12:51","slug":"vecerna-torbica-lili-roza-kopija-kopija-kopija","status":"publish","type":"product","link":"https:\/\/www.torbice.eu\/hr\/izdelek\/vecerna-torbica-lili-roza-kopija-kopija-kopija\/","title":{"rendered":"Ve\u010derna torbica Lili roza"},"content":{"rendered":"<ul>\n<li>Dimenzije: 12 cm x 18 cm x 6 cm<\/li>\n<li>Trda zunanjost s kovinskim ogrodjem<\/li>\n<li>V celoti prekrita z ble\u0161\u010dicami<\/li>\n<li>Prostorna notranjost z drsnim \u017eepom<\/li>\n<li>Lahko jo nosite v roki ali namestite veri\u017eico in jo nosite \u010dez ramena<\/li>\n<\/ul>\n","protected":false},"excerpt":{"rendered":"<p>Dimenzije: 12 cm x 18 cm x 6 cm Trda zunanjost s kovinskim ogrodjem V celoti prekrita z ble\u0161\u010dicami Prostorna notranjost z drsnim \u017eepom Lahko jo nosite v roki ali namestite veri\u017eico in jo nosite \u010dez ramena<\/p>\n","protected":false},"featured_media":7727,"comment_status":"open","ping_status":"closed","template":"","meta":[],"product_brand":[],"product_cat":[43],"product_tag":[],"yst_prominent_words":[],"class_list":{"0":"post-7715","1":"product","2":"type-product","3":"status-publish","4":"has-post-thumbnail","6":"product_cat-vecernje-torbe","8":"first","9":"outofstock","10":"sale","11":"taxable","12":"shipping-taxable","13":"purchasable","14":"product-type-simple"},"_links":{"self":[{"href":"https:\/\/www.torbice.eu\/hr\/wp-json\/wp\/v2\/product\/7715","targetHints":{"allow":["GET"]}}],"collection":[{"href":"https:\/\/www.torbice.eu\/hr\/wp-json\/wp\/v2\/product"}],"about":[{"href":"https:\/\/www.torbice.eu\/hr\/wp-json\/wp\/v2\/types\/product"}],"replies":[{"embeddable":true,"href":"https:\/\/www.torbice.eu\/hr\/wp-json\/wp\/v2\/comments?post=7715"}],"wp:featuredmedia":[{"embeddable":true,"href":"https:\/\/www.torbice.eu\/hr\/wp-json\/wp\/v2\/media\/7727"}],"wp:attachment":[{"href":"https:\/\/www.torbice.eu\/hr\/wp-json\/wp\/v2\/media?parent=7715"}],"wp:term":[{"taxonomy":"product_brand","embeddable":true,"href":"https:\/\/www.torbice.eu\/hr\/wp-json\/wp\/v2\/product_brand?post=7715"},{"taxonomy":"product_cat","embeddable":true,"href":"https:\/\/www.torbice.eu\/hr\/wp-json\/wp\/v2\/product_cat?post=7715"},{"taxonomy":"product_tag","embeddable":true,"href":"https:\/\/www.torbice.eu\/hr\/wp-json\/wp\/v2\/product_tag?post=7715"},{"taxonomy":"yst_prominent_words","embeddable":true,"href":"https:\/\/www.torbice.eu\/hr\/wp-json\/wp\/v2\/yst_prominent_words?post=7715"}],"curies":[{"name":"wp","href":"https:\/\/api.w.org\/{rel}","templated":true}]}}