{"id":7651,"date":"2020-02-15T09:42:12","date_gmt":"2020-02-15T08:42:12","guid":{"rendered":"https:\/\/www.torbice.eu\/?post_type=product&#038;p=7651"},"modified":"2022-02-22T18:45:22","modified_gmt":"2022-02-22T17:45:22","slug":"zenska-torbica-zebra-rjava","status":"publish","type":"product","link":"https:\/\/www.torbice.eu\/hr\/izdelek\/zenska-torbica-zebra-rjava\/","title":{"rendered":"\u017denska torbica Zebra rjava"},"content":{"rendered":"<p>Torbica, ki ima na straneh dodatek blaga imitacija zebre<\/p>\n<ul>\n<li>Zunanjost: umetno usnje<\/li>\n<li>Zelo kvalitetna in trpe\u017ena<\/li>\n<li>Enostavna za \u010di\u0161\u010denje<\/li>\n<li>Narejeno v EU (Francija)<\/li>\n<li>En velik predal v notranjosti<\/li>\n<li>Zapiranje z zadrgo<\/li>\n<li>V notranjosti en mali \u017eepek za drobnarije<\/li>\n<li>Na zunanjem delu \u017eep z zadrgo<\/li>\n<li>Dimenzije: 32 x 26 x 16 cm<\/li>\n<\/ul>\n<p>&nbsp;<\/p>\n","protected":false},"excerpt":{"rendered":"<p>Torbica, ki ima na straneh dodatek blaga imitacija zebre Zunanjost: umetno usnje Zelo kvalitetna in trpe\u017ena Enostavna za \u010di\u0161\u010denje Narejeno v EU (Francija) En velik predal v notranjosti Zapiranje z zadrgo V notranjosti en mali \u017eepek za drobnarije Na zunanjem delu \u017eep z zadrgo Dimenzije: 32 x 26 x 16 cm &nbsp;<\/p>\n","protected":false},"featured_media":7639,"comment_status":"open","ping_status":"closed","template":"","meta":[],"product_brand":[],"product_cat":[19],"product_tag":[],"yst_prominent_words":[],"class_list":{"0":"post-7651","1":"product","2":"type-product","3":"status-publish","4":"has-post-thumbnail","6":"product_cat-torbice","8":"first","9":"instock","10":"sale","11":"taxable","12":"shipping-taxable","13":"purchasable","14":"product-type-simple"},"_links":{"self":[{"href":"https:\/\/www.torbice.eu\/hr\/wp-json\/wp\/v2\/product\/7651","targetHints":{"allow":["GET"]}}],"collection":[{"href":"https:\/\/www.torbice.eu\/hr\/wp-json\/wp\/v2\/product"}],"about":[{"href":"https:\/\/www.torbice.eu\/hr\/wp-json\/wp\/v2\/types\/product"}],"replies":[{"embeddable":true,"href":"https:\/\/www.torbice.eu\/hr\/wp-json\/wp\/v2\/comments?post=7651"}],"wp:featuredmedia":[{"embeddable":true,"href":"https:\/\/www.torbice.eu\/hr\/wp-json\/wp\/v2\/media\/7639"}],"wp:attachment":[{"href":"https:\/\/www.torbice.eu\/hr\/wp-json\/wp\/v2\/media?parent=7651"}],"wp:term":[{"taxonomy":"product_brand","embeddable":true,"href":"https:\/\/www.torbice.eu\/hr\/wp-json\/wp\/v2\/product_brand?post=7651"},{"taxonomy":"product_cat","embeddable":true,"href":"https:\/\/www.torbice.eu\/hr\/wp-json\/wp\/v2\/product_cat?post=7651"},{"taxonomy":"product_tag","embeddable":true,"href":"https:\/\/www.torbice.eu\/hr\/wp-json\/wp\/v2\/product_tag?post=7651"},{"taxonomy":"yst_prominent_words","embeddable":true,"href":"https:\/\/www.torbice.eu\/hr\/wp-json\/wp\/v2\/yst_prominent_words?post=7651"}],"curies":[{"name":"wp","href":"https:\/\/api.w.org\/{rel}","templated":true}]}}