{"id":7484,"date":"2019-10-23T18:05:18","date_gmt":"2019-10-23T16:05:18","guid":{"rendered":"https:\/\/www.torbice.eu\/izdelek\/obesek-za-torbico-sovica\/"},"modified":"2019-10-23T18:05:18","modified_gmt":"2019-10-23T16:05:18","slug":"obesek-za-torbico-sovica","status":"publish","type":"product","link":"https:\/\/www.torbice.eu\/hr\/izdelek\/obesek-za-torbico-sovica\/","title":{"rendered":"Obesek Za Torbico Sovica"},"content":{"rendered":"<p>Obesek za torbico Sovica, ki vam bo polep\u0161ala torbico.<\/p>\n<ul>\n<li>Dol\u017eina: 11 cm<\/li>\n<li>Obesek s svetle\u010dimi kamen\u010dki<\/li>\n<\/ul>\n","protected":false},"excerpt":{"rendered":"<p>Obesek za torbico Sovica, ki vam bo polep\u0161ala torbico. Dol\u017eina: 11 cm Obesek s svetle\u010dimi kamen\u010dki<\/p>\n","protected":false},"featured_media":7046,"comment_status":"open","ping_status":"closed","template":"","meta":[],"product_brand":[],"product_cat":[48],"product_tag":[],"yst_prominent_words":[],"class_list":{"0":"post-7484","1":"product","2":"type-product","3":"status-publish","4":"has-post-thumbnail","6":"product_cat-dodaci","8":"first","9":"instock","10":"taxable","11":"shipping-taxable","12":"purchasable","13":"product-type-simple"},"_links":{"self":[{"href":"https:\/\/www.torbice.eu\/hr\/wp-json\/wp\/v2\/product\/7484","targetHints":{"allow":["GET"]}}],"collection":[{"href":"https:\/\/www.torbice.eu\/hr\/wp-json\/wp\/v2\/product"}],"about":[{"href":"https:\/\/www.torbice.eu\/hr\/wp-json\/wp\/v2\/types\/product"}],"replies":[{"embeddable":true,"href":"https:\/\/www.torbice.eu\/hr\/wp-json\/wp\/v2\/comments?post=7484"}],"wp:featuredmedia":[{"embeddable":true,"href":"https:\/\/www.torbice.eu\/hr\/wp-json\/wp\/v2\/media\/7046"}],"wp:attachment":[{"href":"https:\/\/www.torbice.eu\/hr\/wp-json\/wp\/v2\/media?parent=7484"}],"wp:term":[{"taxonomy":"product_brand","embeddable":true,"href":"https:\/\/www.torbice.eu\/hr\/wp-json\/wp\/v2\/product_brand?post=7484"},{"taxonomy":"product_cat","embeddable":true,"href":"https:\/\/www.torbice.eu\/hr\/wp-json\/wp\/v2\/product_cat?post=7484"},{"taxonomy":"product_tag","embeddable":true,"href":"https:\/\/www.torbice.eu\/hr\/wp-json\/wp\/v2\/product_tag?post=7484"},{"taxonomy":"yst_prominent_words","embeddable":true,"href":"https:\/\/www.torbice.eu\/hr\/wp-json\/wp\/v2\/yst_prominent_words?post=7484"}],"curies":[{"name":"wp","href":"https:\/\/api.w.org\/{rel}","templated":true}]}}