{"id":7483,"date":"2019-11-30T09:44:11","date_gmt":"2019-11-30T08:44:11","guid":{"rendered":"https:\/\/www.torbice.eu\/izdelek\/denarnica-anja-crna\/"},"modified":"2019-11-30T09:44:11","modified_gmt":"2019-11-30T08:44:11","slug":"denarnica-anja-crna","status":"publish","type":"product","link":"https:\/\/www.torbice.eu\/hr\/izdelek\/denarnica-anja-crna\/","title":{"rendered":"Denarnica Anja \u010drna"},"content":{"rendered":"<ul>\n<li>Dimenzije: 10 cm x 18,5 cm x 3 cm<\/li>\n<li>Predal\u010dek za drobi\u017e se zapira z zadrgo<\/li>\n<li>Denarnica se zapira na magnet<\/li>\n<li>Predal\u010dki za kartice in fotografije va\u0161ih ljubljenih oseb<\/li>\n<li>Na zadrgi modni resast dodatek<\/li>\n<li>Material: umetno usnje v videzu krokodilje ko\u017ee<\/li>\n<\/ul>\n","protected":false},"excerpt":{"rendered":"<p>Dimenzije: 10 cm x 18,5 cm x 3 cm Predal\u010dek za drobi\u017e se zapira z zadrgo Denarnica se zapira na magnet Predal\u010dki za kartice in fotografije va\u0161ih ljubljenih oseb Na zadrgi modni resast dodatek Material: umetno usnje v videzu krokodilje ko\u017ee<\/p>\n","protected":false},"featured_media":7162,"comment_status":"open","ping_status":"closed","template":"","meta":[],"product_brand":[],"product_cat":[47],"product_tag":[],"yst_prominent_words":[],"class_list":{"0":"post-7483","1":"product","2":"type-product","3":"status-publish","4":"has-post-thumbnail","6":"product_cat-novacnici","8":"first","9":"outofstock","10":"sale","11":"taxable","12":"shipping-taxable","13":"purchasable","14":"product-type-simple"},"_links":{"self":[{"href":"https:\/\/www.torbice.eu\/hr\/wp-json\/wp\/v2\/product\/7483","targetHints":{"allow":["GET"]}}],"collection":[{"href":"https:\/\/www.torbice.eu\/hr\/wp-json\/wp\/v2\/product"}],"about":[{"href":"https:\/\/www.torbice.eu\/hr\/wp-json\/wp\/v2\/types\/product"}],"replies":[{"embeddable":true,"href":"https:\/\/www.torbice.eu\/hr\/wp-json\/wp\/v2\/comments?post=7483"}],"wp:featuredmedia":[{"embeddable":true,"href":"https:\/\/www.torbice.eu\/hr\/wp-json\/wp\/v2\/media\/7162"}],"wp:attachment":[{"href":"https:\/\/www.torbice.eu\/hr\/wp-json\/wp\/v2\/media?parent=7483"}],"wp:term":[{"taxonomy":"product_brand","embeddable":true,"href":"https:\/\/www.torbice.eu\/hr\/wp-json\/wp\/v2\/product_brand?post=7483"},{"taxonomy":"product_cat","embeddable":true,"href":"https:\/\/www.torbice.eu\/hr\/wp-json\/wp\/v2\/product_cat?post=7483"},{"taxonomy":"product_tag","embeddable":true,"href":"https:\/\/www.torbice.eu\/hr\/wp-json\/wp\/v2\/product_tag?post=7483"},{"taxonomy":"yst_prominent_words","embeddable":true,"href":"https:\/\/www.torbice.eu\/hr\/wp-json\/wp\/v2\/yst_prominent_words?post=7483"}],"curies":[{"name":"wp","href":"https:\/\/api.w.org\/{rel}","templated":true}]}}