{"id":7482,"date":"2019-12-25T21:43:08","date_gmt":"2019-12-25T20:43:08","guid":{"rendered":"https:\/\/www.torbice.eu\/izdelek\/usnjena-torbica-ria-zlata\/"},"modified":"2019-12-25T21:43:08","modified_gmt":"2019-12-25T20:43:08","slug":"usnjena-torbica-ria-zlata","status":"publish","type":"product","link":"https:\/\/www.torbice.eu\/hr\/izdelek\/usnjena-torbica-ria-zlata\/","title":{"rendered":"Usnjena torbica Ria zlata"},"content":{"rendered":"<ul>\n<li>Usnjena torbica iz kravjega usnja<\/li>\n<li>Metalik efekt<\/li>\n<li>Zapiranje s kavljem spredaj<\/li>\n<li>K torbici pripada \u0161e odstranljiva toaletka v isti barvi<\/li>\n<li>Nastavljiv in odstranljiv pa\u0161\u010dek za ramena<\/li>\n<li>Dimenzija: 43 x 31 x 16 cm<\/li>\n<\/ul>\n","protected":false},"excerpt":{"rendered":"<p>Usnjena torbica iz kravjega usnja Metalik efekt Zapiranje s kavljem spredaj K torbici pripada \u0161e odstranljiva toaletka v isti barvi Nastavljiv in odstranljiv pa\u0161\u010dek za ramena Dimenzija: 43 x 31 x 16 cm<\/p>\n","protected":false},"featured_media":7268,"comment_status":"open","ping_status":"closed","template":"","meta":[],"product_brand":[],"product_cat":[44],"product_tag":[],"yst_prominent_words":[],"class_list":{"0":"post-7482","1":"product","2":"type-product","3":"status-publish","4":"has-post-thumbnail","6":"product_cat-kozne-torbe","8":"first","9":"onbackorder","10":"sale","11":"taxable","12":"shipping-taxable","13":"purchasable","14":"product-type-simple"},"_links":{"self":[{"href":"https:\/\/www.torbice.eu\/hr\/wp-json\/wp\/v2\/product\/7482","targetHints":{"allow":["GET"]}}],"collection":[{"href":"https:\/\/www.torbice.eu\/hr\/wp-json\/wp\/v2\/product"}],"about":[{"href":"https:\/\/www.torbice.eu\/hr\/wp-json\/wp\/v2\/types\/product"}],"replies":[{"embeddable":true,"href":"https:\/\/www.torbice.eu\/hr\/wp-json\/wp\/v2\/comments?post=7482"}],"wp:featuredmedia":[{"embeddable":true,"href":"https:\/\/www.torbice.eu\/hr\/wp-json\/wp\/v2\/media\/7268"}],"wp:attachment":[{"href":"https:\/\/www.torbice.eu\/hr\/wp-json\/wp\/v2\/media?parent=7482"}],"wp:term":[{"taxonomy":"product_brand","embeddable":true,"href":"https:\/\/www.torbice.eu\/hr\/wp-json\/wp\/v2\/product_brand?post=7482"},{"taxonomy":"product_cat","embeddable":true,"href":"https:\/\/www.torbice.eu\/hr\/wp-json\/wp\/v2\/product_cat?post=7482"},{"taxonomy":"product_tag","embeddable":true,"href":"https:\/\/www.torbice.eu\/hr\/wp-json\/wp\/v2\/product_tag?post=7482"},{"taxonomy":"yst_prominent_words","embeddable":true,"href":"https:\/\/www.torbice.eu\/hr\/wp-json\/wp\/v2\/yst_prominent_words?post=7482"}],"curies":[{"name":"wp","href":"https:\/\/api.w.org\/{rel}","templated":true}]}}