{"id":7481,"date":"2020-01-12T09:41:35","date_gmt":"2020-01-12T08:41:35","guid":{"rendered":"https:\/\/www.torbice.eu\/izdelek\/zenska-potovalka-helena-rjava\/"},"modified":"2020-01-12T09:41:35","modified_gmt":"2020-01-12T08:41:35","slug":"zenska-potovalka-helena-rjava","status":"publish","type":"product","link":"https:\/\/www.torbice.eu\/hr\/izdelek\/zenska-potovalka-helena-rjava\/","title":{"rendered":"\u017denska potovalka Helena rjava"},"content":{"rendered":"<p>K torbi z istim motivom dodajamo \u0161e potovalko z leopardjim vzorcem.<\/p>\n<ul>\n<li>Dimenzije: 41 x 17 x 28 cm<\/li>\n<li>Zunanji material: umetno usnje<\/li>\n<li>Podlo\u017eena notranjost<\/li>\n<li>Velik notranji predal<\/li>\n<li>2 notranja \u017eepka z zadrgo<\/li>\n<li>1 notranji \u017eepek zavihek<\/li>\n<li>Zapiranje z zadrgo<\/li>\n<li>Prilo\u017een naramni pas<\/li>\n<li>Narejeno v Franciji<\/li>\n<\/ul>\n","protected":false},"excerpt":{"rendered":"<p>K torbi z istim motivom dodajamo \u0161e potovalko z leopardjim vzorcem. Dimenzije: 41 x 17 x 28 cm Zunanji material: umetno usnje Podlo\u017eena notranjost Velik notranji predal 2 notranja \u017eepka z zadrgo 1 notranji \u017eepek zavihek Zapiranje z zadrgo Prilo\u017een naramni pas Narejeno v Franciji<\/p>\n","protected":false},"featured_media":7349,"comment_status":"open","ping_status":"closed","template":"","meta":[],"product_brand":[],"product_cat":[45],"product_tag":[],"yst_prominent_words":[],"class_list":{"0":"post-7481","1":"product","2":"type-product","3":"status-publish","4":"has-post-thumbnail","6":"product_cat-putne-torbe","8":"first","9":"outofstock","10":"sale","11":"taxable","12":"shipping-taxable","13":"purchasable","14":"product-type-simple"},"_links":{"self":[{"href":"https:\/\/www.torbice.eu\/hr\/wp-json\/wp\/v2\/product\/7481","targetHints":{"allow":["GET"]}}],"collection":[{"href":"https:\/\/www.torbice.eu\/hr\/wp-json\/wp\/v2\/product"}],"about":[{"href":"https:\/\/www.torbice.eu\/hr\/wp-json\/wp\/v2\/types\/product"}],"replies":[{"embeddable":true,"href":"https:\/\/www.torbice.eu\/hr\/wp-json\/wp\/v2\/comments?post=7481"}],"wp:featuredmedia":[{"embeddable":true,"href":"https:\/\/www.torbice.eu\/hr\/wp-json\/wp\/v2\/media\/7349"}],"wp:attachment":[{"href":"https:\/\/www.torbice.eu\/hr\/wp-json\/wp\/v2\/media?parent=7481"}],"wp:term":[{"taxonomy":"product_brand","embeddable":true,"href":"https:\/\/www.torbice.eu\/hr\/wp-json\/wp\/v2\/product_brand?post=7481"},{"taxonomy":"product_cat","embeddable":true,"href":"https:\/\/www.torbice.eu\/hr\/wp-json\/wp\/v2\/product_cat?post=7481"},{"taxonomy":"product_tag","embeddable":true,"href":"https:\/\/www.torbice.eu\/hr\/wp-json\/wp\/v2\/product_tag?post=7481"},{"taxonomy":"yst_prominent_words","embeddable":true,"href":"https:\/\/www.torbice.eu\/hr\/wp-json\/wp\/v2\/yst_prominent_words?post=7481"}],"curies":[{"name":"wp","href":"https:\/\/api.w.org\/{rel}","templated":true}]}}