{"id":7480,"date":"2020-01-20T12:30:58","date_gmt":"2020-01-20T11:30:58","guid":{"rendered":"https:\/\/www.torbice.eu\/izdelek\/denarnica-jasmina-rumena\/"},"modified":"2020-02-01T22:05:40","modified_gmt":"2020-02-01T21:05:40","slug":"denarnica-jasmina-rumena","status":"publish","type":"product","link":"https:\/\/www.torbice.eu\/hr\/izdelek\/denarnica-jasmina-rumena\/","title":{"rendered":"Denarnica Jasmina rumena"},"content":{"rendered":"<ul>\n<li>Dimenzije: 22 x 11 x 5 cm<\/li>\n<li>8 razdelkov za kartice<\/li>\n<li>2 razdelka z zapiranjem na zadrgo<\/li>\n<li>1 razdelek za drobi\u017e z zapiranjem na klip<\/li>\n<li>Denarnica se \u0161e dodatno zapre za ve\u010djo varnost<\/li>\n<li>Francoski dizajn<\/li>\n<\/ul>\n","protected":false},"excerpt":{"rendered":"<p>Dimenzije: 22 x 11 x 5 cm 8 razdelkov za kartice 2 razdelka z zapiranjem na zadrgo 1 razdelek za drobi\u017e z zapiranjem na klip Denarnica se \u0161e dodatno zapre za ve\u010djo varnost Francoski dizajn<\/p>\n","protected":false},"featured_media":7362,"comment_status":"open","ping_status":"closed","template":"","meta":[],"product_brand":[],"product_cat":[47],"product_tag":[],"yst_prominent_words":[],"class_list":{"0":"post-7480","1":"product","2":"type-product","3":"status-publish","4":"has-post-thumbnail","6":"product_cat-novacnici","8":"first","9":"outofstock","10":"sale","11":"taxable","12":"shipping-taxable","13":"purchasable","14":"product-type-simple"},"_links":{"self":[{"href":"https:\/\/www.torbice.eu\/hr\/wp-json\/wp\/v2\/product\/7480","targetHints":{"allow":["GET"]}}],"collection":[{"href":"https:\/\/www.torbice.eu\/hr\/wp-json\/wp\/v2\/product"}],"about":[{"href":"https:\/\/www.torbice.eu\/hr\/wp-json\/wp\/v2\/types\/product"}],"replies":[{"embeddable":true,"href":"https:\/\/www.torbice.eu\/hr\/wp-json\/wp\/v2\/comments?post=7480"}],"wp:featuredmedia":[{"embeddable":true,"href":"https:\/\/www.torbice.eu\/hr\/wp-json\/wp\/v2\/media\/7362"}],"wp:attachment":[{"href":"https:\/\/www.torbice.eu\/hr\/wp-json\/wp\/v2\/media?parent=7480"}],"wp:term":[{"taxonomy":"product_brand","embeddable":true,"href":"https:\/\/www.torbice.eu\/hr\/wp-json\/wp\/v2\/product_brand?post=7480"},{"taxonomy":"product_cat","embeddable":true,"href":"https:\/\/www.torbice.eu\/hr\/wp-json\/wp\/v2\/product_cat?post=7480"},{"taxonomy":"product_tag","embeddable":true,"href":"https:\/\/www.torbice.eu\/hr\/wp-json\/wp\/v2\/product_tag?post=7480"},{"taxonomy":"yst_prominent_words","embeddable":true,"href":"https:\/\/www.torbice.eu\/hr\/wp-json\/wp\/v2\/yst_prominent_words?post=7480"}],"curies":[{"name":"wp","href":"https:\/\/api.w.org\/{rel}","templated":true}]}}