{"id":5887,"date":"2020-01-21T18:06:47","date_gmt":"2020-01-21T17:06:47","guid":{"rendered":"https:\/\/www.torbice.eu\/?post_type=product&#038;p=5887"},"modified":"2020-01-24T15:53:29","modified_gmt":"2020-01-24T14:53:29","slug":"banana-torbica-leopard-crna","status":"publish","type":"product","link":"https:\/\/www.torbice.eu\/hr\/izdelek\/banana-torbica-leopard-crna\/","title":{"rendered":"Banana torbica Leopard \u010drna"},"content":{"rendered":"<p>Banana torbica je hit, ki se lahko nosi \u010dez ramena ali okrog pasu. \u017de ima\u0161 svojo?<\/p>\n<ul>\n<li>Material: umetno usnje<\/li>\n<li>S pasom<\/li>\n<li>2 notranja \u017eepka<\/li>\n<li>1 notranji \u017eep na zadrgo<\/li>\n<li>1 zunanji \u017eep na zadrgo<\/li>\n<li>Dimenzije: 32 x 15 x 3 cm<\/li>\n<li>Francoski dizajn<\/li>\n<\/ul>\n","protected":false},"excerpt":{"rendered":"<p>Banana torbica je hit, ki se lahko nosi \u010dez ramena ali okrog pasu. \u017de ima\u0161 svojo? Material: umetno usnje S pasom 2 notranja \u017eepka 1 notranji \u017eep na zadrgo 1 zunanji \u017eep na zadrgo Dimenzije: 32 x 15 x 3 cm Francoski dizajn<\/p>\n","protected":false},"featured_media":5890,"comment_status":"open","ping_status":"closed","template":"","meta":[],"product_brand":[],"product_cat":[19],"product_tag":[],"yst_prominent_words":[],"class_list":{"0":"post-5887","1":"product","2":"type-product","3":"status-publish","4":"has-post-thumbnail","6":"product_cat-torbice","8":"first","9":"instock","10":"sale","11":"taxable","12":"shipping-taxable","13":"purchasable","14":"product-type-simple"},"_links":{"self":[{"href":"https:\/\/www.torbice.eu\/hr\/wp-json\/wp\/v2\/product\/5887","targetHints":{"allow":["GET"]}}],"collection":[{"href":"https:\/\/www.torbice.eu\/hr\/wp-json\/wp\/v2\/product"}],"about":[{"href":"https:\/\/www.torbice.eu\/hr\/wp-json\/wp\/v2\/types\/product"}],"replies":[{"embeddable":true,"href":"https:\/\/www.torbice.eu\/hr\/wp-json\/wp\/v2\/comments?post=5887"}],"wp:featuredmedia":[{"embeddable":true,"href":"https:\/\/www.torbice.eu\/hr\/wp-json\/wp\/v2\/media\/5890"}],"wp:attachment":[{"href":"https:\/\/www.torbice.eu\/hr\/wp-json\/wp\/v2\/media?parent=5887"}],"wp:term":[{"taxonomy":"product_brand","embeddable":true,"href":"https:\/\/www.torbice.eu\/hr\/wp-json\/wp\/v2\/product_brand?post=5887"},{"taxonomy":"product_cat","embeddable":true,"href":"https:\/\/www.torbice.eu\/hr\/wp-json\/wp\/v2\/product_cat?post=5887"},{"taxonomy":"product_tag","embeddable":true,"href":"https:\/\/www.torbice.eu\/hr\/wp-json\/wp\/v2\/product_tag?post=5887"},{"taxonomy":"yst_prominent_words","embeddable":true,"href":"https:\/\/www.torbice.eu\/hr\/wp-json\/wp\/v2\/yst_prominent_words?post=5887"}],"curies":[{"name":"wp","href":"https:\/\/api.w.org\/{rel}","templated":true}]}}