{"id":5802,"date":"2020-01-11T17:51:57","date_gmt":"2020-01-11T16:51:57","guid":{"rendered":"https:\/\/www.torbice.eu\/?post_type=product&#038;p=5802"},"modified":"2020-05-02T22:33:36","modified_gmt":"2020-05-02T20:33:36","slug":"zenska-torbica-linda-koralna","status":"publish","type":"product","link":"https:\/\/www.torbice.eu\/hr\/izdelek\/zenska-torbica-linda-koralna\/","title":{"rendered":"\u017denska torbica Linda koralna"},"content":{"rendered":"<p>\u017denska torbica z efektom krokodilje ko\u017ee<\/p>\n<ul>\n<li>Dimenzije: 25 x 37 x 10 cm<\/li>\n<li>Zunanjost. umetno usnje z efektom krokodilje ko\u017ee<\/li>\n<li>Notranjost: podlo\u017eena<\/li>\n<li>Dodatek naramni pas<\/li>\n<li>Zapiranje z zadrgo<\/li>\n<li>1 notranji \u017eep z zapiranjem z zadrgo<\/li>\n<\/ul>\n","protected":false},"excerpt":{"rendered":"<p>\u017denska torbica z efektom krokodilje ko\u017ee Dimenzije: 25 x 37 x 10 cm Zunanjost. umetno usnje z efektom krokodilje ko\u017ee Notranjost: podlo\u017eena Dodatek naramni pas Zapiranje z zadrgo 1 notranji \u017eep z zapiranjem z zadrgo<\/p>\n","protected":false},"featured_media":5793,"comment_status":"open","ping_status":"closed","template":"","meta":[],"product_brand":[],"product_cat":[19],"product_tag":[],"yst_prominent_words":[],"class_list":{"0":"post-5802","1":"product","2":"type-product","3":"status-publish","4":"has-post-thumbnail","6":"product_cat-torbice","8":"first","9":"instock","10":"sale","11":"taxable","12":"shipping-taxable","13":"purchasable","14":"product-type-simple"},"_links":{"self":[{"href":"https:\/\/www.torbice.eu\/hr\/wp-json\/wp\/v2\/product\/5802","targetHints":{"allow":["GET"]}}],"collection":[{"href":"https:\/\/www.torbice.eu\/hr\/wp-json\/wp\/v2\/product"}],"about":[{"href":"https:\/\/www.torbice.eu\/hr\/wp-json\/wp\/v2\/types\/product"}],"replies":[{"embeddable":true,"href":"https:\/\/www.torbice.eu\/hr\/wp-json\/wp\/v2\/comments?post=5802"}],"wp:featuredmedia":[{"embeddable":true,"href":"https:\/\/www.torbice.eu\/hr\/wp-json\/wp\/v2\/media\/5793"}],"wp:attachment":[{"href":"https:\/\/www.torbice.eu\/hr\/wp-json\/wp\/v2\/media?parent=5802"}],"wp:term":[{"taxonomy":"product_brand","embeddable":true,"href":"https:\/\/www.torbice.eu\/hr\/wp-json\/wp\/v2\/product_brand?post=5802"},{"taxonomy":"product_cat","embeddable":true,"href":"https:\/\/www.torbice.eu\/hr\/wp-json\/wp\/v2\/product_cat?post=5802"},{"taxonomy":"product_tag","embeddable":true,"href":"https:\/\/www.torbice.eu\/hr\/wp-json\/wp\/v2\/product_tag?post=5802"},{"taxonomy":"yst_prominent_words","embeddable":true,"href":"https:\/\/www.torbice.eu\/hr\/wp-json\/wp\/v2\/yst_prominent_words?post=5802"}],"curies":[{"name":"wp","href":"https:\/\/api.w.org\/{rel}","templated":true}]}}