{"id":5742,"date":"2019-12-29T21:17:55","date_gmt":"2019-12-29T20:17:55","guid":{"rendered":"https:\/\/www.torbice.eu\/?post_type=product&#038;p=5742"},"modified":"2020-07-23T08:48:55","modified_gmt":"2020-07-23T06:48:55","slug":"zenska-torbica-angela-crna","status":"publish","type":"product","link":"https:\/\/www.torbice.eu\/hr\/izdelek\/zenska-torbica-angela-crna\/","title":{"rendered":"\u017denska torbica Angela \u010drna"},"content":{"rendered":"<p>\u017denska torba z drznim dizajnom<\/p>\n<ul>\n<li>Material: umetno usnje<\/li>\n<li>Torbica je narejena iz dveh delov &#8211; notranji del se lahko odstrani (glej na slikici)<\/li>\n<li>Prilo\u017een naramni pas<\/li>\n<li>Dimenzije: 34 x 29 x 15 cm<\/li>\n<\/ul>\n","protected":false},"excerpt":{"rendered":"<p>\u017denska torba z drznim dizajnom Material: umetno usnje Torbica je narejena iz dveh delov &#8211; notranji del se lahko odstrani (glej na slikici) Prilo\u017een naramni pas Dimenzije: 34 x 29 x 15 cm<\/p>\n","protected":false},"featured_media":5740,"comment_status":"open","ping_status":"closed","template":"","meta":[],"product_brand":[],"product_cat":[19],"product_tag":[],"yst_prominent_words":[],"class_list":{"0":"post-5742","1":"product","2":"type-product","3":"status-publish","4":"has-post-thumbnail","6":"product_cat-torbice","8":"first","9":"instock","10":"sale","11":"taxable","12":"shipping-taxable","13":"purchasable","14":"product-type-simple"},"_links":{"self":[{"href":"https:\/\/www.torbice.eu\/hr\/wp-json\/wp\/v2\/product\/5742","targetHints":{"allow":["GET"]}}],"collection":[{"href":"https:\/\/www.torbice.eu\/hr\/wp-json\/wp\/v2\/product"}],"about":[{"href":"https:\/\/www.torbice.eu\/hr\/wp-json\/wp\/v2\/types\/product"}],"replies":[{"embeddable":true,"href":"https:\/\/www.torbice.eu\/hr\/wp-json\/wp\/v2\/comments?post=5742"}],"wp:featuredmedia":[{"embeddable":true,"href":"https:\/\/www.torbice.eu\/hr\/wp-json\/wp\/v2\/media\/5740"}],"wp:attachment":[{"href":"https:\/\/www.torbice.eu\/hr\/wp-json\/wp\/v2\/media?parent=5742"}],"wp:term":[{"taxonomy":"product_brand","embeddable":true,"href":"https:\/\/www.torbice.eu\/hr\/wp-json\/wp\/v2\/product_brand?post=5742"},{"taxonomy":"product_cat","embeddable":true,"href":"https:\/\/www.torbice.eu\/hr\/wp-json\/wp\/v2\/product_cat?post=5742"},{"taxonomy":"product_tag","embeddable":true,"href":"https:\/\/www.torbice.eu\/hr\/wp-json\/wp\/v2\/product_tag?post=5742"},{"taxonomy":"yst_prominent_words","embeddable":true,"href":"https:\/\/www.torbice.eu\/hr\/wp-json\/wp\/v2\/yst_prominent_words?post=5742"}],"curies":[{"name":"wp","href":"https:\/\/api.w.org\/{rel}","templated":true}]}}