{"id":5698,"date":"2019-12-25T21:41:20","date_gmt":"2019-12-25T20:41:20","guid":{"rendered":"https:\/\/www.torbice.eu\/?post_type=product&#038;p=5698"},"modified":"2022-11-11T19:05:08","modified_gmt":"2022-11-11T18:05:08","slug":"usnjena-torbica-ria-srebrna","status":"publish","type":"product","link":"https:\/\/www.torbice.eu\/hr\/izdelek\/usnjena-torbica-ria-srebrna\/","title":{"rendered":"Usnjena torbica Ria srebrna"},"content":{"rendered":"<h1>Usnjena torbica za zahtevnej\u0161e uporabnice in uporabnike<\/h1>\n<p>V kategoriji usnjenih torbic najde\u0161 usnjene izdelke, ve\u010dinoma torbice, ki so narejene s francoskim stilom in njihovo kvaliteto.<\/p>\n<ul>\n<li>Usnjena torbica iz kravjega usnja<\/li>\n<li>Metalik efekt<\/li>\n<li>Zapiranje s kavljem spredaj<\/li>\n<li>K torbici pripada \u0161e odstranljiva toaletka v isti barvi<\/li>\n<li>Nastavljiv in odstranljiv pa\u0161\u010dek za ramena<\/li>\n<li>Dimenzija: 43 x 31 x 16 cm<\/li>\n<\/ul>\n<p>Torbica je na voljo le po naro\u010dilu. Dostavni rok se zato podalj\u0161a za pribli\u017eno en teden. Za ve\u010d informacij pokli\u010di ali pi\u0161i na info@torbice.eu<\/p>\n<p>&nbsp;<\/p>\n","protected":false},"excerpt":{"rendered":"<p>Usnjena torbica za zahtevnej\u0161e uporabnice in uporabnike V kategoriji usnjenih torbic najde\u0161 usnjene izdelke, ve\u010dinoma torbice, ki so narejene s francoskim stilom in njihovo kvaliteto. Usnjena torbica iz kravjega usnja Metalik efekt Zapiranje s kavljem spredaj K torbici pripada \u0161e odstranljiva toaletka v isti barvi Nastavljiv in odstranljiv pa\u0161\u010dek za ramena Dimenzija: 43 x 31 [&#8230;]\n","protected":false},"featured_media":5687,"comment_status":"open","ping_status":"closed","template":"","meta":[],"product_brand":[],"product_cat":[31],"product_tag":[],"yst_prominent_words":[],"class_list":{"0":"post-5698","1":"product","2":"type-product","3":"status-publish","4":"has-post-thumbnail","6":"product_cat-usnjene-torbice","8":"first","9":"onbackorder","10":"sale","11":"taxable","12":"shipping-taxable","13":"purchasable","14":"product-type-simple"},"_links":{"self":[{"href":"https:\/\/www.torbice.eu\/hr\/wp-json\/wp\/v2\/product\/5698","targetHints":{"allow":["GET"]}}],"collection":[{"href":"https:\/\/www.torbice.eu\/hr\/wp-json\/wp\/v2\/product"}],"about":[{"href":"https:\/\/www.torbice.eu\/hr\/wp-json\/wp\/v2\/types\/product"}],"replies":[{"embeddable":true,"href":"https:\/\/www.torbice.eu\/hr\/wp-json\/wp\/v2\/comments?post=5698"}],"wp:featuredmedia":[{"embeddable":true,"href":"https:\/\/www.torbice.eu\/hr\/wp-json\/wp\/v2\/media\/5687"}],"wp:attachment":[{"href":"https:\/\/www.torbice.eu\/hr\/wp-json\/wp\/v2\/media?parent=5698"}],"wp:term":[{"taxonomy":"product_brand","embeddable":true,"href":"https:\/\/www.torbice.eu\/hr\/wp-json\/wp\/v2\/product_brand?post=5698"},{"taxonomy":"product_cat","embeddable":true,"href":"https:\/\/www.torbice.eu\/hr\/wp-json\/wp\/v2\/product_cat?post=5698"},{"taxonomy":"product_tag","embeddable":true,"href":"https:\/\/www.torbice.eu\/hr\/wp-json\/wp\/v2\/product_tag?post=5698"},{"taxonomy":"yst_prominent_words","embeddable":true,"href":"https:\/\/www.torbice.eu\/hr\/wp-json\/wp\/v2\/yst_prominent_words?post=5698"}],"curies":[{"name":"wp","href":"https:\/\/api.w.org\/{rel}","templated":true}]}}