{"id":5697,"date":"2019-12-25T21:38:57","date_gmt":"2019-12-25T20:38:57","guid":{"rendered":"https:\/\/www.torbice.eu\/?post_type=product&#038;p=5697"},"modified":"2022-11-11T18:43:18","modified_gmt":"2022-11-11T17:43:18","slug":"usnjena-torbica-ria-bronasta","status":"publish","type":"product","link":"https:\/\/www.torbice.eu\/hr\/izdelek\/usnjena-torbica-ria-bronasta\/","title":{"rendered":"Usnjena torbica Ria bronasta"},"content":{"rendered":"<ul>\n<li>Usnjena torbica iz kravjega usnja<\/li>\n<li>Metalik efekt<\/li>\n<li>Zapiranje s kavljem spredaj<\/li>\n<li>K torbici pripada \u0161e odstranljiva toaletka v isti barvi<\/li>\n<li>Nastavljiv in odstranljiv pa\u0161\u010dek za ramena<\/li>\n<li>Dimenzija: 43 x 31 x 16 cm<\/li>\n<\/ul>\n<p>Za ve\u010d informacij pokli\u010di ali pi\u0161i na info@torbice.eu<\/p>\n","protected":false},"excerpt":{"rendered":"<p>Usnjena torbica iz kravjega usnja Metalik efekt Zapiranje s kavljem spredaj K torbici pripada \u0161e odstranljiva toaletka v isti barvi Nastavljiv in odstranljiv pa\u0161\u010dek za ramena Dimenzija: 43 x 31 x 16 cm Za ve\u010d informacij pokli\u010di ali pi\u0161i na info@torbice.eu<\/p>\n","protected":false},"featured_media":5680,"comment_status":"open","ping_status":"closed","template":"","meta":[],"product_brand":[],"product_cat":[31],"product_tag":[],"yst_prominent_words":[],"class_list":{"0":"post-5697","1":"product","2":"type-product","3":"status-publish","4":"has-post-thumbnail","6":"product_cat-usnjene-torbice","8":"first","9":"onbackorder","10":"sale","11":"taxable","12":"shipping-taxable","13":"purchasable","14":"product-type-simple"},"_links":{"self":[{"href":"https:\/\/www.torbice.eu\/hr\/wp-json\/wp\/v2\/product\/5697","targetHints":{"allow":["GET"]}}],"collection":[{"href":"https:\/\/www.torbice.eu\/hr\/wp-json\/wp\/v2\/product"}],"about":[{"href":"https:\/\/www.torbice.eu\/hr\/wp-json\/wp\/v2\/types\/product"}],"replies":[{"embeddable":true,"href":"https:\/\/www.torbice.eu\/hr\/wp-json\/wp\/v2\/comments?post=5697"}],"wp:featuredmedia":[{"embeddable":true,"href":"https:\/\/www.torbice.eu\/hr\/wp-json\/wp\/v2\/media\/5680"}],"wp:attachment":[{"href":"https:\/\/www.torbice.eu\/hr\/wp-json\/wp\/v2\/media?parent=5697"}],"wp:term":[{"taxonomy":"product_brand","embeddable":true,"href":"https:\/\/www.torbice.eu\/hr\/wp-json\/wp\/v2\/product_brand?post=5697"},{"taxonomy":"product_cat","embeddable":true,"href":"https:\/\/www.torbice.eu\/hr\/wp-json\/wp\/v2\/product_cat?post=5697"},{"taxonomy":"product_tag","embeddable":true,"href":"https:\/\/www.torbice.eu\/hr\/wp-json\/wp\/v2\/product_tag?post=5697"},{"taxonomy":"yst_prominent_words","embeddable":true,"href":"https:\/\/www.torbice.eu\/hr\/wp-json\/wp\/v2\/yst_prominent_words?post=5697"}],"curies":[{"name":"wp","href":"https:\/\/api.w.org\/{rel}","templated":true}]}}