{"id":5517,"date":"2019-11-30T10:04:19","date_gmt":"2019-11-30T09:04:19","guid":{"rendered":"https:\/\/www.torbice.eu\/?post_type=product&#038;p=5517"},"modified":"2019-12-01T18:08:52","modified_gmt":"2019-12-01T17:08:52","slug":"zenska-torbica-jo-crna","status":"publish","type":"product","link":"https:\/\/www.torbice.eu\/hr\/izdelek\/zenska-torbica-jo-crna\/","title":{"rendered":"\u017denska torbica Jo \u010drna"},"content":{"rendered":"<p>Modna torbica Anna Grace<\/p>\n<ul>\n<li>Dimenzije: 28,5 x 25 x 15 cm (poglej slikico z merami)<\/li>\n<li>Torbica je zelo prostorna in vanjo pospravite ogromno stvari<\/li>\n<li>Material: umetno usnje<\/li>\n<li>Zunanji \u017eep<\/li>\n<li>Kovinski detajl znamke Anna Grace<\/li>\n<li>Nastavljivi pa\u0161ki za no\u0161enje<\/li>\n<li>Podlo\u017eeno zunanje dno z netki<\/li>\n<li>Zapiranje na zadrgo<\/li>\n<li>Podlo\u017eena notranjost<\/li>\n<li>V notranjosti dva pre\u0161ita \u017eepka in en \u017eepek na zadrgo<\/li>\n<\/ul>\n","protected":false},"excerpt":{"rendered":"<p>Modna torbica Anna Grace Dimenzije: 28,5 x 25 x 15 cm (poglej slikico z merami) Torbica je zelo prostorna in vanjo pospravite ogromno stvari Material: umetno usnje Zunanji \u017eep Kovinski detajl znamke Anna Grace Nastavljivi pa\u0161ki za no\u0161enje Podlo\u017eeno zunanje dno z netki Zapiranje na zadrgo Podlo\u017eena notranjost V notranjosti dva pre\u0161ita \u017eepka in en [&#8230;]\n","protected":false},"featured_media":5479,"comment_status":"open","ping_status":"closed","template":"","meta":[],"product_brand":[],"product_cat":[19],"product_tag":[],"yst_prominent_words":[],"class_list":{"0":"post-5517","1":"product","2":"type-product","3":"status-publish","4":"has-post-thumbnail","6":"product_cat-torbice","8":"first","9":"instock","10":"sale","11":"taxable","12":"shipping-taxable","13":"purchasable","14":"product-type-simple"},"_links":{"self":[{"href":"https:\/\/www.torbice.eu\/hr\/wp-json\/wp\/v2\/product\/5517","targetHints":{"allow":["GET"]}}],"collection":[{"href":"https:\/\/www.torbice.eu\/hr\/wp-json\/wp\/v2\/product"}],"about":[{"href":"https:\/\/www.torbice.eu\/hr\/wp-json\/wp\/v2\/types\/product"}],"replies":[{"embeddable":true,"href":"https:\/\/www.torbice.eu\/hr\/wp-json\/wp\/v2\/comments?post=5517"}],"wp:featuredmedia":[{"embeddable":true,"href":"https:\/\/www.torbice.eu\/hr\/wp-json\/wp\/v2\/media\/5479"}],"wp:attachment":[{"href":"https:\/\/www.torbice.eu\/hr\/wp-json\/wp\/v2\/media?parent=5517"}],"wp:term":[{"taxonomy":"product_brand","embeddable":true,"href":"https:\/\/www.torbice.eu\/hr\/wp-json\/wp\/v2\/product_brand?post=5517"},{"taxonomy":"product_cat","embeddable":true,"href":"https:\/\/www.torbice.eu\/hr\/wp-json\/wp\/v2\/product_cat?post=5517"},{"taxonomy":"product_tag","embeddable":true,"href":"https:\/\/www.torbice.eu\/hr\/wp-json\/wp\/v2\/product_tag?post=5517"},{"taxonomy":"yst_prominent_words","embeddable":true,"href":"https:\/\/www.torbice.eu\/hr\/wp-json\/wp\/v2\/yst_prominent_words?post=5517"}],"curies":[{"name":"wp","href":"https:\/\/api.w.org\/{rel}","templated":true}]}}