{"id":5451,"date":"2019-11-24T10:58:17","date_gmt":"2019-11-24T09:58:17","guid":{"rendered":"https:\/\/www.torbice.eu\/?post_type=product&#038;p=5451"},"modified":"2019-11-24T10:59:16","modified_gmt":"2019-11-24T09:59:16","slug":"vecerna-torbica-liv-crna","status":"publish","type":"product","link":"https:\/\/www.torbice.eu\/hr\/izdelek\/vecerna-torbica-liv-crna\/","title":{"rendered":"Ve\u010derna torbica Liv \u010drna"},"content":{"rendered":"<ul>\n<li>Dimenzije: 10 cm x 25 cm x 6 cm<\/li>\n<li>Prostorna ve\u010derna torbica z obro\u010dkom in kamen\u010dki<\/li>\n<li>Lahko se nosi v roki ali na prilo\u017eeni veri\u017eici \u010dez ramena<\/li>\n<\/ul>\n","protected":false},"excerpt":{"rendered":"<p>Dimenzije: 10 cm x 25 cm x 6 cm Prostorna ve\u010derna torbica z obro\u010dkom in kamen\u010dki Lahko se nosi v roki ali na prilo\u017eeni veri\u017eici \u010dez ramena<\/p>\n","protected":false},"featured_media":2985,"comment_status":"open","ping_status":"closed","template":"","meta":[],"product_brand":[],"product_cat":[20],"product_tag":[],"yst_prominent_words":[],"class_list":{"0":"post-5451","1":"product","2":"type-product","3":"status-publish","4":"has-post-thumbnail","6":"product_cat-vecerne-torbice","8":"first","9":"instock","10":"sale","11":"taxable","12":"shipping-taxable","13":"purchasable","14":"product-type-simple"},"_links":{"self":[{"href":"https:\/\/www.torbice.eu\/hr\/wp-json\/wp\/v2\/product\/5451","targetHints":{"allow":["GET"]}}],"collection":[{"href":"https:\/\/www.torbice.eu\/hr\/wp-json\/wp\/v2\/product"}],"about":[{"href":"https:\/\/www.torbice.eu\/hr\/wp-json\/wp\/v2\/types\/product"}],"replies":[{"embeddable":true,"href":"https:\/\/www.torbice.eu\/hr\/wp-json\/wp\/v2\/comments?post=5451"}],"wp:featuredmedia":[{"embeddable":true,"href":"https:\/\/www.torbice.eu\/hr\/wp-json\/wp\/v2\/media\/2985"}],"wp:attachment":[{"href":"https:\/\/www.torbice.eu\/hr\/wp-json\/wp\/v2\/media?parent=5451"}],"wp:term":[{"taxonomy":"product_brand","embeddable":true,"href":"https:\/\/www.torbice.eu\/hr\/wp-json\/wp\/v2\/product_brand?post=5451"},{"taxonomy":"product_cat","embeddable":true,"href":"https:\/\/www.torbice.eu\/hr\/wp-json\/wp\/v2\/product_cat?post=5451"},{"taxonomy":"product_tag","embeddable":true,"href":"https:\/\/www.torbice.eu\/hr\/wp-json\/wp\/v2\/product_tag?post=5451"},{"taxonomy":"yst_prominent_words","embeddable":true,"href":"https:\/\/www.torbice.eu\/hr\/wp-json\/wp\/v2\/yst_prominent_words?post=5451"}],"curies":[{"name":"wp","href":"https:\/\/api.w.org\/{rel}","templated":true}]}}