{"id":5384,"date":"2019-11-14T21:49:53","date_gmt":"2019-11-14T20:49:53","guid":{"rendered":"https:\/\/www.torbice.eu\/?post_type=product&#038;p=5384"},"modified":"2022-10-02T12:19:34","modified_gmt":"2022-10-02T10:19:34","slug":"deznik","status":"publish","type":"product","link":"https:\/\/www.torbice.eu\/hr\/izdelek\/deznik\/","title":{"rendered":"De\u017enik"},"content":{"rendered":"<p>Najbolj iskan dodatek v de\u017eenih dneh. Majhen, direktno za v torbo (in naj bo ve\u010dino \u010dasa v njej ?).<\/p>\n<ul>\n<li>Celotna dol\u017eina odprtega de\u017enika: 66 cm<\/li>\n<li>Premer: 97 cm<\/li>\n<li>Zlo\u017eljiv<\/li>\n<li>Dol\u017eina zlo\u017eenega de\u017enika: 26 cm<\/li>\n<li>Ro\u010dno odpiranje in zapiranje<\/li>\n<li>Znamka: Anna Grace<\/li>\n<\/ul>\n","protected":false},"excerpt":{"rendered":"<p>Najbolj iskan dodatek v de\u017eenih dneh. Majhen, direktno za v torbo (in naj bo ve\u010dino \u010dasa v njej ?). Celotna dol\u017eina odprtega de\u017enika: 66 cm Premer: 97 cm Zlo\u017eljiv Dol\u017eina zlo\u017eenega de\u017enika: 26 cm Ro\u010dno odpiranje in zapiranje Znamka: Anna Grace<\/p>\n","protected":false},"featured_media":5389,"comment_status":"open","ping_status":"closed","template":"","meta":[],"product_brand":[],"product_cat":[23],"product_tag":[],"yst_prominent_words":[],"class_list":{"0":"post-5384","1":"product","2":"type-product","3":"status-publish","4":"has-post-thumbnail","6":"product_cat-dodatki","8":"first","9":"instock","10":"sale","11":"taxable","12":"shipping-taxable","13":"purchasable","14":"product-type-variable"},"_links":{"self":[{"href":"https:\/\/www.torbice.eu\/hr\/wp-json\/wp\/v2\/product\/5384","targetHints":{"allow":["GET"]}}],"collection":[{"href":"https:\/\/www.torbice.eu\/hr\/wp-json\/wp\/v2\/product"}],"about":[{"href":"https:\/\/www.torbice.eu\/hr\/wp-json\/wp\/v2\/types\/product"}],"replies":[{"embeddable":true,"href":"https:\/\/www.torbice.eu\/hr\/wp-json\/wp\/v2\/comments?post=5384"}],"wp:featuredmedia":[{"embeddable":true,"href":"https:\/\/www.torbice.eu\/hr\/wp-json\/wp\/v2\/media\/5389"}],"wp:attachment":[{"href":"https:\/\/www.torbice.eu\/hr\/wp-json\/wp\/v2\/media?parent=5384"}],"wp:term":[{"taxonomy":"product_brand","embeddable":true,"href":"https:\/\/www.torbice.eu\/hr\/wp-json\/wp\/v2\/product_brand?post=5384"},{"taxonomy":"product_cat","embeddable":true,"href":"https:\/\/www.torbice.eu\/hr\/wp-json\/wp\/v2\/product_cat?post=5384"},{"taxonomy":"product_tag","embeddable":true,"href":"https:\/\/www.torbice.eu\/hr\/wp-json\/wp\/v2\/product_tag?post=5384"},{"taxonomy":"yst_prominent_words","embeddable":true,"href":"https:\/\/www.torbice.eu\/hr\/wp-json\/wp\/v2\/yst_prominent_words?post=5384"}],"curies":[{"name":"wp","href":"https:\/\/api.w.org\/{rel}","templated":true}]}}