{"id":3202,"date":"2019-10-15T21:14:25","date_gmt":"2019-10-15T19:14:25","guid":{"rendered":"https:\/\/www.torbice.eu\/?post_type=product&#038;p=3202"},"modified":"2021-04-23T16:10:49","modified_gmt":"2021-04-23T14:10:49","slug":"vecerna-torbica-glamur-crna","status":"publish","type":"product","link":"https:\/\/www.torbice.eu\/hr\/izdelek\/vecerna-torbica-glamur-crna\/","title":{"rendered":"Ve\u010derna torbica Glamur \u010drna"},"content":{"rendered":"<p>Drage dame, \u010das je za razvajanje v dvoje ali s prijatelji. Kam radi zahajate? V kino, v mesto, v opero ali gledali\u0161\u010de?<\/p>\n<ul>\n<li>Dimenzije: 18 x 9 x 4,5 cm<\/li>\n<li>Zapiranje na zaponko<\/li>\n<li>Svetle\u010di kamen\u010dki na zaponki in ketnici<\/li>\n<li>No\u0161enje s ketnico<\/li>\n<\/ul>\n","protected":false},"excerpt":{"rendered":"<p>Drage dame, \u010das je za razvajanje v dvoje ali s prijatelji. Kam radi zahajate? V kino, v mesto, v opero ali gledali\u0161\u010de? Dimenzije: 18 x 9 x 4,5 cm Zapiranje na zaponko Svetle\u010di kamen\u010dki na zaponki in ketnici No\u0161enje s ketnico<\/p>\n","protected":false},"featured_media":3024,"comment_status":"open","ping_status":"closed","template":"","meta":[],"product_brand":[],"product_cat":[20],"product_tag":[],"yst_prominent_words":[],"class_list":{"0":"post-3202","1":"product","2":"type-product","3":"status-publish","4":"has-post-thumbnail","6":"product_cat-vecerne-torbice","8":"first","9":"instock","10":"sale","11":"taxable","12":"shipping-taxable","13":"purchasable","14":"product-type-simple"},"_links":{"self":[{"href":"https:\/\/www.torbice.eu\/hr\/wp-json\/wp\/v2\/product\/3202","targetHints":{"allow":["GET"]}}],"collection":[{"href":"https:\/\/www.torbice.eu\/hr\/wp-json\/wp\/v2\/product"}],"about":[{"href":"https:\/\/www.torbice.eu\/hr\/wp-json\/wp\/v2\/types\/product"}],"replies":[{"embeddable":true,"href":"https:\/\/www.torbice.eu\/hr\/wp-json\/wp\/v2\/comments?post=3202"}],"wp:featuredmedia":[{"embeddable":true,"href":"https:\/\/www.torbice.eu\/hr\/wp-json\/wp\/v2\/media\/3024"}],"wp:attachment":[{"href":"https:\/\/www.torbice.eu\/hr\/wp-json\/wp\/v2\/media?parent=3202"}],"wp:term":[{"taxonomy":"product_brand","embeddable":true,"href":"https:\/\/www.torbice.eu\/hr\/wp-json\/wp\/v2\/product_brand?post=3202"},{"taxonomy":"product_cat","embeddable":true,"href":"https:\/\/www.torbice.eu\/hr\/wp-json\/wp\/v2\/product_cat?post=3202"},{"taxonomy":"product_tag","embeddable":true,"href":"https:\/\/www.torbice.eu\/hr\/wp-json\/wp\/v2\/product_tag?post=3202"},{"taxonomy":"yst_prominent_words","embeddable":true,"href":"https:\/\/www.torbice.eu\/hr\/wp-json\/wp\/v2\/yst_prominent_words?post=3202"}],"curies":[{"name":"wp","href":"https:\/\/api.w.org\/{rel}","templated":true}]}}