{"id":2966,"date":"2019-09-22T12:04:38","date_gmt":"2019-09-22T10:04:38","guid":{"rendered":"https:\/\/www.torbice.eu\/?post_type=product&#038;p=2966"},"modified":"2019-09-22T12:04:40","modified_gmt":"2019-09-22T10:04:40","slug":"zenska-torbica-mini-crna","status":"publish","type":"product","link":"https:\/\/www.torbice.eu\/hr\/izdelek\/zenska-torbica-mini-crna\/","title":{"rendered":"\u017denska torbica Mini \u010drna"},"content":{"rendered":"<p>So ti v\u0161e\u010d manj\u0161e torbice\u2753Potem je tale torbica prava izbira zate ?mala, dovolj prostorna in s super dizajnom<\/p>\n<ul>\n<li>Mere: 20 cm x 20,5 cm x 8 cm (?poglej sliko, ki prikazuje mere)<\/li>\n<li>Material: umetno usnje<\/li>\n<li>Dolg in nastavljiv naramni pas<\/li>\n<\/ul>\n","protected":false},"excerpt":{"rendered":"<p>So ti v\u0161e\u010d manj\u0161e torbice\u2753Potem je tale torbica prava izbira zate ?mala, dovolj prostorna in s super dizajnom Mere: 20 cm x 20,5 cm x 8 cm (?poglej sliko, ki prikazuje mere) Material: umetno usnje Dolg in nastavljiv naramni pas<\/p>\n","protected":false},"featured_media":2951,"comment_status":"open","ping_status":"closed","template":"","meta":[],"product_brand":[],"product_cat":[19],"product_tag":[],"yst_prominent_words":[],"class_list":{"0":"post-2966","1":"product","2":"type-product","3":"status-publish","4":"has-post-thumbnail","6":"product_cat-torbice","8":"first","9":"instock","10":"sale","11":"taxable","12":"shipping-taxable","13":"purchasable","14":"product-type-simple"},"_links":{"self":[{"href":"https:\/\/www.torbice.eu\/hr\/wp-json\/wp\/v2\/product\/2966","targetHints":{"allow":["GET"]}}],"collection":[{"href":"https:\/\/www.torbice.eu\/hr\/wp-json\/wp\/v2\/product"}],"about":[{"href":"https:\/\/www.torbice.eu\/hr\/wp-json\/wp\/v2\/types\/product"}],"replies":[{"embeddable":true,"href":"https:\/\/www.torbice.eu\/hr\/wp-json\/wp\/v2\/comments?post=2966"}],"wp:featuredmedia":[{"embeddable":true,"href":"https:\/\/www.torbice.eu\/hr\/wp-json\/wp\/v2\/media\/2951"}],"wp:attachment":[{"href":"https:\/\/www.torbice.eu\/hr\/wp-json\/wp\/v2\/media?parent=2966"}],"wp:term":[{"taxonomy":"product_brand","embeddable":true,"href":"https:\/\/www.torbice.eu\/hr\/wp-json\/wp\/v2\/product_brand?post=2966"},{"taxonomy":"product_cat","embeddable":true,"href":"https:\/\/www.torbice.eu\/hr\/wp-json\/wp\/v2\/product_cat?post=2966"},{"taxonomy":"product_tag","embeddable":true,"href":"https:\/\/www.torbice.eu\/hr\/wp-json\/wp\/v2\/product_tag?post=2966"},{"taxonomy":"yst_prominent_words","embeddable":true,"href":"https:\/\/www.torbice.eu\/hr\/wp-json\/wp\/v2\/yst_prominent_words?post=2966"}],"curies":[{"name":"wp","href":"https:\/\/api.w.org\/{rel}","templated":true}]}}