{"id":2792,"date":"2019-08-29T19:25:14","date_gmt":"2019-08-29T17:25:14","guid":{"rendered":"https:\/\/www.torbice.eu\/?post_type=product&#038;p=2792"},"modified":"2019-10-03T12:43:21","modified_gmt":"2019-10-03T10:43:21","slug":"solska-torbica-modra","status":"publish","type":"product","link":"https:\/\/www.torbice.eu\/hr\/izdelek\/solska-torbica-modra\/","title":{"rendered":"\u0160olska torbica modra"},"content":{"rendered":"<h3>Leto\u0161nji trend jeseni je retro \u0161olska torbica<\/h3>\n<p>Bodi &#8220;in&#8221; in si naro\u010di svojo v najljub\u0161em vzorcu<\/p>\n<ul>\n<li>Vi\u0161ina torbice (z ro\u010dajem): 27 cm<\/li>\n<li>\u0160irina: 38 cm<\/li>\n<li>Globina: 9 cm<\/li>\n<li>Dolg naramni pas<\/li>\n<li>Ro\u010daj za no\u0161enje<\/li>\n<li>Podlo\u017eena notranjost<\/li>\n<li>Notranji \u017eepki za la\u017ejo organizacijo stvari<\/li>\n<\/ul>\n","protected":false},"excerpt":{"rendered":"<p>Leto\u0161nji trend jeseni je retro \u0161olska torbica Bodi &#8220;in&#8221; in si naro\u010di svojo v najljub\u0161em vzorcu Vi\u0161ina torbice (z ro\u010dajem): 27 cm \u0160irina: 38 cm Globina: 9 cm Dolg naramni pas Ro\u010daj za no\u0161enje Podlo\u017eena notranjost Notranji \u017eepki za la\u017ejo organizacijo stvari<\/p>\n","protected":false},"featured_media":2791,"comment_status":"open","ping_status":"closed","template":"","meta":[],"product_brand":[],"product_cat":[19],"product_tag":[],"yst_prominent_words":[],"class_list":{"0":"post-2792","1":"product","2":"type-product","3":"status-publish","4":"has-post-thumbnail","6":"product_cat-torbice","8":"first","9":"instock","10":"sale","11":"taxable","12":"shipping-taxable","13":"purchasable","14":"product-type-simple"},"_links":{"self":[{"href":"https:\/\/www.torbice.eu\/hr\/wp-json\/wp\/v2\/product\/2792","targetHints":{"allow":["GET"]}}],"collection":[{"href":"https:\/\/www.torbice.eu\/hr\/wp-json\/wp\/v2\/product"}],"about":[{"href":"https:\/\/www.torbice.eu\/hr\/wp-json\/wp\/v2\/types\/product"}],"replies":[{"embeddable":true,"href":"https:\/\/www.torbice.eu\/hr\/wp-json\/wp\/v2\/comments?post=2792"}],"wp:featuredmedia":[{"embeddable":true,"href":"https:\/\/www.torbice.eu\/hr\/wp-json\/wp\/v2\/media\/2791"}],"wp:attachment":[{"href":"https:\/\/www.torbice.eu\/hr\/wp-json\/wp\/v2\/media?parent=2792"}],"wp:term":[{"taxonomy":"product_brand","embeddable":true,"href":"https:\/\/www.torbice.eu\/hr\/wp-json\/wp\/v2\/product_brand?post=2792"},{"taxonomy":"product_cat","embeddable":true,"href":"https:\/\/www.torbice.eu\/hr\/wp-json\/wp\/v2\/product_cat?post=2792"},{"taxonomy":"product_tag","embeddable":true,"href":"https:\/\/www.torbice.eu\/hr\/wp-json\/wp\/v2\/product_tag?post=2792"},{"taxonomy":"yst_prominent_words","embeddable":true,"href":"https:\/\/www.torbice.eu\/hr\/wp-json\/wp\/v2\/yst_prominent_words?post=2792"}],"curies":[{"name":"wp","href":"https:\/\/api.w.org\/{rel}","templated":true}]}}