{"id":2591,"date":"2019-06-24T12:05:54","date_gmt":"2019-06-24T10:05:54","guid":{"rendered":"https:\/\/www.torbice.eu\/?post_type=product&#038;p=2591"},"modified":"2019-06-24T12:06:45","modified_gmt":"2019-06-24T10:06:45","slug":"zenska-torbica-siri-svetlo-vijola","status":"publish","type":"product","link":"https:\/\/www.torbice.eu\/hr\/izdelek\/zenska-torbica-siri-svetlo-vijola\/","title":{"rendered":"\u017denska torbica Siri svetlo vijola"},"content":{"rendered":"<h3>Potrebuje\u0161 manj\u0161o torbico, kamor bo\u0161 z lahkoto pospravila telefon, \u0161minko in denarnico? Tale je idealna zate! ?<\/h3>\n<ul>\n<li>Vi\u0161ina: 19 cm<\/li>\n<li>Dol\u017eina: 22 cm<\/li>\n<li>\u0160irina: 15,5 cm<\/li>\n<li>Vi\u0161ina naramnice: 48 cm<\/li>\n<li>Oblika polkroga<\/li>\n<li>\u0160irok nastavljiv pas za no\u0161enje<\/li>\n<li>Podlo\u017eena notranjost<\/li>\n<li>V notranjosti ima \u017eepek z zadrgo<\/li>\n<\/ul>\n","protected":false},"excerpt":{"rendered":"<p>Potrebuje\u0161 manj\u0161o torbico, kamor bo\u0161 z lahkoto pospravila telefon, \u0161minko in denarnico? Tale je idealna zate! ? Vi\u0161ina: 19 cm Dol\u017eina: 22 cm \u0160irina: 15,5 cm Vi\u0161ina naramnice: 48 cm Oblika polkroga \u0160irok nastavljiv pas za no\u0161enje Podlo\u017eena notranjost V notranjosti ima \u017eepek z zadrgo<\/p>\n","protected":false},"featured_media":2545,"comment_status":"open","ping_status":"closed","template":"","meta":[],"product_brand":[],"product_cat":[19],"product_tag":[],"yst_prominent_words":[],"class_list":{"0":"post-2591","1":"product","2":"type-product","3":"status-publish","4":"has-post-thumbnail","6":"product_cat-torbice","8":"first","9":"instock","10":"taxable","11":"shipping-taxable","12":"purchasable","13":"product-type-simple"},"_links":{"self":[{"href":"https:\/\/www.torbice.eu\/hr\/wp-json\/wp\/v2\/product\/2591","targetHints":{"allow":["GET"]}}],"collection":[{"href":"https:\/\/www.torbice.eu\/hr\/wp-json\/wp\/v2\/product"}],"about":[{"href":"https:\/\/www.torbice.eu\/hr\/wp-json\/wp\/v2\/types\/product"}],"replies":[{"embeddable":true,"href":"https:\/\/www.torbice.eu\/hr\/wp-json\/wp\/v2\/comments?post=2591"}],"wp:featuredmedia":[{"embeddable":true,"href":"https:\/\/www.torbice.eu\/hr\/wp-json\/wp\/v2\/media\/2545"}],"wp:attachment":[{"href":"https:\/\/www.torbice.eu\/hr\/wp-json\/wp\/v2\/media?parent=2591"}],"wp:term":[{"taxonomy":"product_brand","embeddable":true,"href":"https:\/\/www.torbice.eu\/hr\/wp-json\/wp\/v2\/product_brand?post=2591"},{"taxonomy":"product_cat","embeddable":true,"href":"https:\/\/www.torbice.eu\/hr\/wp-json\/wp\/v2\/product_cat?post=2591"},{"taxonomy":"product_tag","embeddable":true,"href":"https:\/\/www.torbice.eu\/hr\/wp-json\/wp\/v2\/product_tag?post=2591"},{"taxonomy":"yst_prominent_words","embeddable":true,"href":"https:\/\/www.torbice.eu\/hr\/wp-json\/wp\/v2\/yst_prominent_words?post=2591"}],"curies":[{"name":"wp","href":"https:\/\/api.w.org\/{rel}","templated":true}]}}