{"id":2400,"date":"2019-05-19T12:49:20","date_gmt":"2019-05-19T10:49:20","guid":{"rendered":"https:\/\/www.torbice.eu\/?post_type=product&#038;p=2400"},"modified":"2021-01-19T09:14:19","modified_gmt":"2021-01-19T08:14:19","slug":"obesek-za-torbico-srcek-navy","status":"publish","type":"product","link":"https:\/\/www.torbice.eu\/hr\/izdelek\/obesek-za-torbico-srcek-navy\/","title":{"rendered":"Obesek Za Torbico Sr\u010dek Navy"},"content":{"rendered":"<p>Polep\u0161ajte svojo torbico in ji dodajte obesek sr\u010dek<\/p>\n<ul>\n<li>Obesek lahko obesite na torbico in nanj pripnete klju\u010de<\/li>\n<li>Vi\u0161ina: 9 cm<\/li>\n<li>\u0160irina: 11 cm<\/li>\n<\/ul>\n","protected":false},"excerpt":{"rendered":"<p>Polep\u0161ajte svojo torbico in ji dodajte obesek sr\u010dek Obesek lahko obesite na torbico in nanj pripnete klju\u010de Vi\u0161ina: 9 cm \u0160irina: 11 cm<\/p>\n","protected":false},"featured_media":1838,"comment_status":"open","ping_status":"closed","template":"","meta":[],"product_brand":[],"product_cat":[23],"product_tag":[],"yst_prominent_words":[],"class_list":{"0":"post-2400","1":"product","2":"type-product","3":"status-publish","4":"has-post-thumbnail","6":"product_cat-dodatki","8":"first","9":"instock","10":"taxable","11":"shipping-taxable","12":"purchasable","13":"product-type-simple"},"_links":{"self":[{"href":"https:\/\/www.torbice.eu\/hr\/wp-json\/wp\/v2\/product\/2400","targetHints":{"allow":["GET"]}}],"collection":[{"href":"https:\/\/www.torbice.eu\/hr\/wp-json\/wp\/v2\/product"}],"about":[{"href":"https:\/\/www.torbice.eu\/hr\/wp-json\/wp\/v2\/types\/product"}],"replies":[{"embeddable":true,"href":"https:\/\/www.torbice.eu\/hr\/wp-json\/wp\/v2\/comments?post=2400"}],"wp:featuredmedia":[{"embeddable":true,"href":"https:\/\/www.torbice.eu\/hr\/wp-json\/wp\/v2\/media\/1838"}],"wp:attachment":[{"href":"https:\/\/www.torbice.eu\/hr\/wp-json\/wp\/v2\/media?parent=2400"}],"wp:term":[{"taxonomy":"product_brand","embeddable":true,"href":"https:\/\/www.torbice.eu\/hr\/wp-json\/wp\/v2\/product_brand?post=2400"},{"taxonomy":"product_cat","embeddable":true,"href":"https:\/\/www.torbice.eu\/hr\/wp-json\/wp\/v2\/product_cat?post=2400"},{"taxonomy":"product_tag","embeddable":true,"href":"https:\/\/www.torbice.eu\/hr\/wp-json\/wp\/v2\/product_tag?post=2400"},{"taxonomy":"yst_prominent_words","embeddable":true,"href":"https:\/\/www.torbice.eu\/hr\/wp-json\/wp\/v2\/yst_prominent_words?post=2400"}],"curies":[{"name":"wp","href":"https:\/\/api.w.org\/{rel}","templated":true}]}}