{"id":2393,"date":"2019-05-20T21:25:02","date_gmt":"2019-05-20T19:25:02","guid":{"rendered":"https:\/\/www.torbice.eu\/?post_type=product&#038;p=2393"},"modified":"2022-09-09T17:28:17","modified_gmt":"2022-09-09T15:28:17","slug":"obesek-za-torbico-kuzek-siv","status":"publish","type":"product","link":"https:\/\/www.torbice.eu\/hr\/izdelek\/obesek-za-torbico-kuzek-siv\/","title":{"rendered":"Obesek Za Torbico Ku\u017eek Siv"},"content":{"rendered":"<p>Popestrite svoje torbice z obeski ku\u017ekov v razli\u010dnih barvah.<\/p>\n<ul>\n<li>Vi\u0161ina: 10 cm<\/li>\n<li>Dol\u017eina: 18 cm<\/li>\n<li>Samostojno ga lahko uporabljate kot obesek za klju\u010de<\/li>\n<\/ul>\n","protected":false},"excerpt":{"rendered":"<p>Popestrite svoje torbice z obeski ku\u017ekov v razli\u010dnih barvah. Vi\u0161ina: 10 cm Dol\u017eina: 18 cm Samostojno ga lahko uporabljate kot obesek za klju\u010de<\/p>\n","protected":false},"featured_media":2397,"comment_status":"open","ping_status":"closed","template":"","meta":[],"product_brand":[],"product_cat":[23],"product_tag":[],"yst_prominent_words":[],"class_list":{"0":"post-2393","1":"product","2":"type-product","3":"status-publish","4":"has-post-thumbnail","6":"product_cat-dodatki","8":"first","9":"instock","10":"taxable","11":"shipping-taxable","12":"purchasable","13":"product-type-simple"},"_links":{"self":[{"href":"https:\/\/www.torbice.eu\/hr\/wp-json\/wp\/v2\/product\/2393","targetHints":{"allow":["GET"]}}],"collection":[{"href":"https:\/\/www.torbice.eu\/hr\/wp-json\/wp\/v2\/product"}],"about":[{"href":"https:\/\/www.torbice.eu\/hr\/wp-json\/wp\/v2\/types\/product"}],"replies":[{"embeddable":true,"href":"https:\/\/www.torbice.eu\/hr\/wp-json\/wp\/v2\/comments?post=2393"}],"wp:featuredmedia":[{"embeddable":true,"href":"https:\/\/www.torbice.eu\/hr\/wp-json\/wp\/v2\/media\/2397"}],"wp:attachment":[{"href":"https:\/\/www.torbice.eu\/hr\/wp-json\/wp\/v2\/media?parent=2393"}],"wp:term":[{"taxonomy":"product_brand","embeddable":true,"href":"https:\/\/www.torbice.eu\/hr\/wp-json\/wp\/v2\/product_brand?post=2393"},{"taxonomy":"product_cat","embeddable":true,"href":"https:\/\/www.torbice.eu\/hr\/wp-json\/wp\/v2\/product_cat?post=2393"},{"taxonomy":"product_tag","embeddable":true,"href":"https:\/\/www.torbice.eu\/hr\/wp-json\/wp\/v2\/product_tag?post=2393"},{"taxonomy":"yst_prominent_words","embeddable":true,"href":"https:\/\/www.torbice.eu\/hr\/wp-json\/wp\/v2\/yst_prominent_words?post=2393"}],"curies":[{"name":"wp","href":"https:\/\/api.w.org\/{rel}","templated":true}]}}