{"id":14015,"date":"2022-11-12T09:44:10","date_gmt":"2022-11-12T08:44:10","guid":{"rendered":"https:\/\/www.torbice.eu\/?post_type=product&#038;p=14015"},"modified":"2022-11-12T09:44:40","modified_gmt":"2022-11-12T08:44:40","slug":"usnjena-torbica-nessie","status":"publish","type":"product","link":"https:\/\/www.torbice.eu\/hr\/izdelek\/usnjena-torbica-nessie\/","title":{"rendered":"Usnjena torbica Nessie"},"content":{"rendered":"<h1>Usnjena torbica za zahtevnej\u0161e uporabnice in uporabnike<\/h1>\n<ul>\n<li>2 delna torba iz govejega usnja<\/li>\n<li>Odstranljiva notranja torbica z zadrgo<\/li>\n<li>Zunanji sprednji \u017eep z zapiranjem na gumb<\/li>\n<li>Magnetno zapiranje torbe<\/li>\n<li>Velikost 42 x 30 x 11 cm<\/li>\n<li>Francoski dizaj, Izdelano v Italiji<\/li>\n<li>Na voljo v ve\u010d barvah<\/li>\n<\/ul>\n<p>Torbica je na voljo le po naro\u010dilu in predhodnem pla\u010dilu. Dostavni rok se zato podalj\u0161a za pribli\u017eno 7-14 dni. Za ve\u010d informacij pokli\u010di ali pi\u0161i na info@torbice.eu<\/p>\n","protected":false},"excerpt":{"rendered":"<p>Usnjena torbica za zahtevnej\u0161e uporabnice in uporabnike 2 delna torba iz govejega usnja Odstranljiva notranja torbica z zadrgo Zunanji sprednji \u017eep z zapiranjem na gumb Magnetno zapiranje torbe Velikost 42 x 30 x 11 cm Francoski dizaj, Izdelano v Italiji Na voljo v ve\u010d barvah Torbica je na voljo le po naro\u010dilu in predhodnem pla\u010dilu. [&#8230;]\n","protected":false},"featured_media":14047,"comment_status":"open","ping_status":"closed","template":"","meta":[],"product_brand":[],"product_cat":[31],"product_tag":[],"yst_prominent_words":[],"class_list":{"0":"post-14015","1":"product","2":"type-product","3":"status-publish","4":"has-post-thumbnail","6":"product_cat-usnjene-torbice","8":"first","9":"onbackorder","10":"sale","11":"taxable","12":"shipping-taxable","13":"purchasable","14":"product-type-variable"},"_links":{"self":[{"href":"https:\/\/www.torbice.eu\/hr\/wp-json\/wp\/v2\/product\/14015","targetHints":{"allow":["GET"]}}],"collection":[{"href":"https:\/\/www.torbice.eu\/hr\/wp-json\/wp\/v2\/product"}],"about":[{"href":"https:\/\/www.torbice.eu\/hr\/wp-json\/wp\/v2\/types\/product"}],"replies":[{"embeddable":true,"href":"https:\/\/www.torbice.eu\/hr\/wp-json\/wp\/v2\/comments?post=14015"}],"wp:featuredmedia":[{"embeddable":true,"href":"https:\/\/www.torbice.eu\/hr\/wp-json\/wp\/v2\/media\/14047"}],"wp:attachment":[{"href":"https:\/\/www.torbice.eu\/hr\/wp-json\/wp\/v2\/media?parent=14015"}],"wp:term":[{"taxonomy":"product_brand","embeddable":true,"href":"https:\/\/www.torbice.eu\/hr\/wp-json\/wp\/v2\/product_brand?post=14015"},{"taxonomy":"product_cat","embeddable":true,"href":"https:\/\/www.torbice.eu\/hr\/wp-json\/wp\/v2\/product_cat?post=14015"},{"taxonomy":"product_tag","embeddable":true,"href":"https:\/\/www.torbice.eu\/hr\/wp-json\/wp\/v2\/product_tag?post=14015"},{"taxonomy":"yst_prominent_words","embeddable":true,"href":"https:\/\/www.torbice.eu\/hr\/wp-json\/wp\/v2\/yst_prominent_words?post=14015"}],"curies":[{"name":"wp","href":"https:\/\/api.w.org\/{rel}","templated":true}]}}