{"id":14004,"date":"2022-11-11T19:56:18","date_gmt":"2022-11-11T18:56:18","guid":{"rendered":"https:\/\/www.torbice.eu\/?post_type=product&#038;p=14004"},"modified":"2022-11-11T19:58:43","modified_gmt":"2022-11-11T18:58:43","slug":"usnjena-torbica-tina-crna","status":"publish","type":"product","link":"https:\/\/www.torbice.eu\/hr\/izdelek\/usnjena-torbica-tina-crna\/","title":{"rendered":"Usnjena torbica Tina \u010drna"},"content":{"rendered":"<h1>Usnjena torbica za zahtevnej\u0161e uporabnice in uporabnike<\/h1>\n<ul>\n<li>2-delni komplet torbic<\/li>\n<li>Goveje usnje<\/li>\n<li>Pleten vzorec<\/li>\n<li>Notranja manj\u0161a torbica odstranljiva<\/li>\n<li>Nastavljiv naramni pas<\/li>\n<li>Velikost: 33 x 31 x 17 cm<\/li>\n<li>Poreklo: Italija<\/li>\n<\/ul>\n<p>Torbica je na voljo le po naro\u010dilu in predhodnem pla\u010dilu. Dostavni rok se zato podalj\u0161a za pribli\u017eno 7-14 dni. Za ve\u010d informacij pokli\u010di ali pi\u0161i na info@torbice.eu<\/p>\n<p>&nbsp;<\/p>\n","protected":false},"excerpt":{"rendered":"<p>Usnjena torbica za zahtevnej\u0161e uporabnice in uporabnike 2-delni komplet torbic Goveje usnje Pleten vzorec Notranja manj\u0161a torbica odstranljiva Nastavljiv naramni pas Velikost: 33 x 31 x 17 cm Poreklo: Italija Torbica je na voljo le po naro\u010dilu in predhodnem pla\u010dilu. Dostavni rok se zato podalj\u0161a za pribli\u017eno 7-14 dni. Za ve\u010d informacij pokli\u010di ali pi\u0161i [&#8230;]\n","protected":false},"featured_media":14011,"comment_status":"open","ping_status":"closed","template":"","meta":[],"product_brand":[],"product_cat":[31],"product_tag":[],"yst_prominent_words":[],"class_list":{"0":"post-14004","1":"product","2":"type-product","3":"status-publish","4":"has-post-thumbnail","6":"product_cat-usnjene-torbice","8":"first","9":"onbackorder","10":"sale","11":"taxable","12":"shipping-taxable","13":"purchasable","14":"product-type-simple"},"_links":{"self":[{"href":"https:\/\/www.torbice.eu\/hr\/wp-json\/wp\/v2\/product\/14004","targetHints":{"allow":["GET"]}}],"collection":[{"href":"https:\/\/www.torbice.eu\/hr\/wp-json\/wp\/v2\/product"}],"about":[{"href":"https:\/\/www.torbice.eu\/hr\/wp-json\/wp\/v2\/types\/product"}],"replies":[{"embeddable":true,"href":"https:\/\/www.torbice.eu\/hr\/wp-json\/wp\/v2\/comments?post=14004"}],"wp:featuredmedia":[{"embeddable":true,"href":"https:\/\/www.torbice.eu\/hr\/wp-json\/wp\/v2\/media\/14011"}],"wp:attachment":[{"href":"https:\/\/www.torbice.eu\/hr\/wp-json\/wp\/v2\/media?parent=14004"}],"wp:term":[{"taxonomy":"product_brand","embeddable":true,"href":"https:\/\/www.torbice.eu\/hr\/wp-json\/wp\/v2\/product_brand?post=14004"},{"taxonomy":"product_cat","embeddable":true,"href":"https:\/\/www.torbice.eu\/hr\/wp-json\/wp\/v2\/product_cat?post=14004"},{"taxonomy":"product_tag","embeddable":true,"href":"https:\/\/www.torbice.eu\/hr\/wp-json\/wp\/v2\/product_tag?post=14004"},{"taxonomy":"yst_prominent_words","embeddable":true,"href":"https:\/\/www.torbice.eu\/hr\/wp-json\/wp\/v2\/yst_prominent_words?post=14004"}],"curies":[{"name":"wp","href":"https:\/\/api.w.org\/{rel}","templated":true}]}}