{"id":13925,"date":"2022-10-23T12:03:00","date_gmt":"2022-10-23T10:03:00","guid":{"rendered":"https:\/\/www.torbice.eu\/?post_type=product&#038;p=13925"},"modified":"2022-10-23T12:05:38","modified_gmt":"2022-10-23T10:05:38","slug":"torbica-za-mobitel-rumena-javi","status":"publish","type":"product","link":"https:\/\/www.torbice.eu\/hr\/izdelek\/torbica-za-mobitel-rumena-javi\/","title":{"rendered":"Torbica za mobitel rumena Javi"},"content":{"rendered":"<h1>Torbica za mobitel, kartice in denar<\/h1>\n<p>Torbica, kamor bo\u0161 spravila telefon, kartice in denar je najbolj\u0161a spremljevalka na sprehodih in tam, kjer ne potrebuje\u0161 velike torbice ali nahrbtnika. \ud83d\ude42<\/p>\n<ul>\n<li>Material: sintetika<\/li>\n<li>3 razdelki (glej foto galerijo)<\/li>\n<li>2 notranja \u017eepa<\/li>\n<li>Zapiranje z zadrgo<\/li>\n<li>Prilo\u017een naramni pas<\/li>\n<li>Dimenzije: 18 x 4 x 11 cm<\/li>\n<li>Na voljo ve\u010d razli\u010dnih barv.<\/li>\n<\/ul>\n<p>&nbsp;<\/p>\n","protected":false},"excerpt":{"rendered":"<p>* Barve v realnosti lahko malenkost odstopajo.<\/p>\n","protected":false},"featured_media":13930,"comment_status":"open","ping_status":"closed","template":"","meta":[],"product_brand":[],"product_cat":[19],"product_tag":[],"yst_prominent_words":[],"class_list":{"0":"post-13925","1":"product","2":"type-product","3":"status-publish","4":"has-post-thumbnail","6":"product_cat-torbice","8":"first","9":"instock","10":"sale","11":"taxable","12":"shipping-taxable","13":"purchasable","14":"product-type-simple"},"_links":{"self":[{"href":"https:\/\/www.torbice.eu\/hr\/wp-json\/wp\/v2\/product\/13925","targetHints":{"allow":["GET"]}}],"collection":[{"href":"https:\/\/www.torbice.eu\/hr\/wp-json\/wp\/v2\/product"}],"about":[{"href":"https:\/\/www.torbice.eu\/hr\/wp-json\/wp\/v2\/types\/product"}],"replies":[{"embeddable":true,"href":"https:\/\/www.torbice.eu\/hr\/wp-json\/wp\/v2\/comments?post=13925"}],"wp:featuredmedia":[{"embeddable":true,"href":"https:\/\/www.torbice.eu\/hr\/wp-json\/wp\/v2\/media\/13930"}],"wp:attachment":[{"href":"https:\/\/www.torbice.eu\/hr\/wp-json\/wp\/v2\/media?parent=13925"}],"wp:term":[{"taxonomy":"product_brand","embeddable":true,"href":"https:\/\/www.torbice.eu\/hr\/wp-json\/wp\/v2\/product_brand?post=13925"},{"taxonomy":"product_cat","embeddable":true,"href":"https:\/\/www.torbice.eu\/hr\/wp-json\/wp\/v2\/product_cat?post=13925"},{"taxonomy":"product_tag","embeddable":true,"href":"https:\/\/www.torbice.eu\/hr\/wp-json\/wp\/v2\/product_tag?post=13925"},{"taxonomy":"yst_prominent_words","embeddable":true,"href":"https:\/\/www.torbice.eu\/hr\/wp-json\/wp\/v2\/yst_prominent_words?post=13925"}],"curies":[{"name":"wp","href":"https:\/\/api.w.org\/{rel}","templated":true}]}}