{"id":13885,"date":"2022-10-21T09:17:26","date_gmt":"2022-10-21T07:17:26","guid":{"rendered":"https:\/\/www.torbice.eu\/?post_type=product&#038;p=13885"},"modified":"2022-10-21T09:20:43","modified_gmt":"2022-10-21T07:20:43","slug":"denarnica-bela-lili","status":"publish","type":"product","link":"https:\/\/www.torbice.eu\/hr\/izdelek\/denarnica-bela-lili\/","title":{"rendered":"Denarnica bela Lili"},"content":{"rendered":"<h1>Prostorna in modna denarnica<\/h1>\n<h2>Z efektom usnja, okra\u0161ena s \u010drkami in kovinskimi detajli<\/h2>\n<ul>\n<li>Dimenzije: 22 x 11 x 5 cm<\/li>\n<li>Zunanjost: sinteti\u010dni material<\/li>\n<li>Notranjost: polyester<\/li>\n<li>Lining: polyester<\/li>\n<li>Dodatek: kovinska naramna veri\u017eica<\/li>\n<li>8 razdelkov za kartice<\/li>\n<li>2 razdelka z zadrgo za kovance<\/li>\n<li>2 razdelka za papirnati denar<\/li>\n<li>1 razdelek s klip gumbom<\/li>\n<li>Zapiranje z zadrgo in gumbom<\/li>\n<\/ul>\n","protected":false},"excerpt":{"rendered":"<p>Prostorna in modna denarnica Z efektom usnja, okra\u0161ena s \u010drkami in kovinskimi detajli Dimenzije: 22 x 11 x 5 cm Zunanjost: sinteti\u010dni material Notranjost: polyester Lining: polyester Dodatek: kovinska naramna veri\u017eica 8 razdelkov za kartice 2 razdelka z zadrgo za kovance 2 razdelka za papirnati denar 1 razdelek s klip gumbom Zapiranje z zadrgo in [&#8230;]\n","protected":false},"featured_media":13892,"comment_status":"open","ping_status":"closed","template":"","meta":[],"product_brand":[],"product_cat":[21],"product_tag":[],"yst_prominent_words":[],"class_list":{"0":"post-13885","1":"product","2":"type-product","3":"status-publish","4":"has-post-thumbnail","6":"product_cat-denarnice","8":"first","9":"instock","10":"sale","11":"taxable","12":"shipping-taxable","13":"purchasable","14":"product-type-simple"},"_links":{"self":[{"href":"https:\/\/www.torbice.eu\/hr\/wp-json\/wp\/v2\/product\/13885","targetHints":{"allow":["GET"]}}],"collection":[{"href":"https:\/\/www.torbice.eu\/hr\/wp-json\/wp\/v2\/product"}],"about":[{"href":"https:\/\/www.torbice.eu\/hr\/wp-json\/wp\/v2\/types\/product"}],"replies":[{"embeddable":true,"href":"https:\/\/www.torbice.eu\/hr\/wp-json\/wp\/v2\/comments?post=13885"}],"wp:featuredmedia":[{"embeddable":true,"href":"https:\/\/www.torbice.eu\/hr\/wp-json\/wp\/v2\/media\/13892"}],"wp:attachment":[{"href":"https:\/\/www.torbice.eu\/hr\/wp-json\/wp\/v2\/media?parent=13885"}],"wp:term":[{"taxonomy":"product_brand","embeddable":true,"href":"https:\/\/www.torbice.eu\/hr\/wp-json\/wp\/v2\/product_brand?post=13885"},{"taxonomy":"product_cat","embeddable":true,"href":"https:\/\/www.torbice.eu\/hr\/wp-json\/wp\/v2\/product_cat?post=13885"},{"taxonomy":"product_tag","embeddable":true,"href":"https:\/\/www.torbice.eu\/hr\/wp-json\/wp\/v2\/product_tag?post=13885"},{"taxonomy":"yst_prominent_words","embeddable":true,"href":"https:\/\/www.torbice.eu\/hr\/wp-json\/wp\/v2\/yst_prominent_words?post=13885"}],"curies":[{"name":"wp","href":"https:\/\/api.w.org\/{rel}","templated":true}]}}