{"id":13773,"date":"2021-08-05T16:32:37","date_gmt":"2021-08-05T14:32:37","guid":{"rendered":"https:\/\/www.torbice.eu\/izdelek\/ruksak-sasmi-crn\/"},"modified":"2021-08-05T16:32:37","modified_gmt":"2021-08-05T14:32:37","slug":"ruksak-sasmi-crn","status":"publish","type":"product","link":"https:\/\/www.torbice.eu\/hr\/izdelek\/ruksak-sasmi-crn\/","title":{"rendered":"Ruksak Sasmi crn"},"content":{"rendered":"<h1>&#8220;Misli\u0161 li da sam stvoren za tebe?&#8221;<\/h1>\n<p>Tada smo na istoj valnoj duljini. Mo\u017eete ra\u010dunati na mene da \u0107u vam biti vjeran suputnik i da vas ne\u0107u osramotiti ako morate na posao ili na romanti\u010dni spoj.<\/p>\n<ul>\n<li>2 glavne ladice i jedna mala ladica s patentnim zatvara\u010dem<\/li>\n<li>Priklju\u010dak za slu\u0161alice<\/li>\n<li>Podesive naramenice<\/li>\n<li>Mo\u017ee se nositi na nekoliko na\u010dina<\/li>\n<\/ul>\n<p><img decoding=\"async\" class=\"alignnone size-thumbnail wp-image-13729\" src=\"https:\/\/www.torbice.eu\/wp-content\/uploads\/2021\/08\/7618-150x150.jpg\" alt=\"\" width=\"150\" height=\"150\" srcset=\"https:\/\/www.torbice.eu\/wp-content\/uploads\/2021\/08\/7618-150x150.jpg 150w, https:\/\/www.torbice.eu\/wp-content\/uploads\/2021\/08\/7618-300x300.jpg 300w, https:\/\/www.torbice.eu\/wp-content\/uploads\/2021\/08\/7618-800x800.jpg 800w, https:\/\/www.torbice.eu\/wp-content\/uploads\/2021\/08\/7618-768x768.jpg 768w, https:\/\/www.torbice.eu\/wp-content\/uploads\/2021\/08\/7618-510x510.jpg 510w, https:\/\/www.torbice.eu\/wp-content\/uploads\/2021\/08\/7618-100x100.jpg 100w, https:\/\/www.torbice.eu\/wp-content\/uploads\/2021\/08\/7618-60x60.jpg 60w, https:\/\/www.torbice.eu\/wp-content\/uploads\/2021\/08\/7618-90x90.jpg 90w, https:\/\/www.torbice.eu\/wp-content\/uploads\/2021\/08\/7618.jpg 1024w\" sizes=\"(max-width: 150px) 100vw, 150px\" \/><\/p>\n","protected":false},"excerpt":{"rendered":"<p>&#8220;Misli\u0161 li da sam stvoren za tebe?&#8221; Tada smo na istoj valnoj duljini. Mo\u017eete ra\u010dunati na mene da \u0107u vam biti vjeran suputnik i da vas ne\u0107u osramotiti ako morate na posao ili na romanti\u010dni spoj. 2 glavne ladice i jedna mala ladica s patentnim zatvara\u010dem Priklju\u010dak za slu\u0161alice Podesive naramenice Mo\u017ee se nositi na [&#8230;]\n","protected":false},"featured_media":13720,"comment_status":"open","ping_status":"closed","template":"","meta":[],"product_brand":[],"product_cat":[46],"product_tag":[],"yst_prominent_words":[],"class_list":{"0":"post-13773","1":"product","2":"type-product","3":"status-publish","4":"has-post-thumbnail","6":"product_cat-ruksaki","8":"first","9":"instock","10":"taxable","11":"shipping-taxable","12":"purchasable","13":"product-type-simple"},"_links":{"self":[{"href":"https:\/\/www.torbice.eu\/hr\/wp-json\/wp\/v2\/product\/13773","targetHints":{"allow":["GET"]}}],"collection":[{"href":"https:\/\/www.torbice.eu\/hr\/wp-json\/wp\/v2\/product"}],"about":[{"href":"https:\/\/www.torbice.eu\/hr\/wp-json\/wp\/v2\/types\/product"}],"replies":[{"embeddable":true,"href":"https:\/\/www.torbice.eu\/hr\/wp-json\/wp\/v2\/comments?post=13773"}],"wp:featuredmedia":[{"embeddable":true,"href":"https:\/\/www.torbice.eu\/hr\/wp-json\/wp\/v2\/media\/13720"}],"wp:attachment":[{"href":"https:\/\/www.torbice.eu\/hr\/wp-json\/wp\/v2\/media?parent=13773"}],"wp:term":[{"taxonomy":"product_brand","embeddable":true,"href":"https:\/\/www.torbice.eu\/hr\/wp-json\/wp\/v2\/product_brand?post=13773"},{"taxonomy":"product_cat","embeddable":true,"href":"https:\/\/www.torbice.eu\/hr\/wp-json\/wp\/v2\/product_cat?post=13773"},{"taxonomy":"product_tag","embeddable":true,"href":"https:\/\/www.torbice.eu\/hr\/wp-json\/wp\/v2\/product_tag?post=13773"},{"taxonomy":"yst_prominent_words","embeddable":true,"href":"https:\/\/www.torbice.eu\/hr\/wp-json\/wp\/v2\/yst_prominent_words?post=13773"}],"curies":[{"name":"wp","href":"https:\/\/api.w.org\/{rel}","templated":true}]}}