{"id":13669,"date":"2021-08-05T14:16:42","date_gmt":"2021-08-05T12:16:42","guid":{"rendered":"https:\/\/www.torbice.eu\/?post_type=product&#038;p=13669"},"modified":"2021-08-05T14:16:42","modified_gmt":"2021-08-05T12:16:42","slug":"nahrbtnik-madilan-roza","status":"publish","type":"product","link":"https:\/\/www.torbice.eu\/hr\/izdelek\/nahrbtnik-madilan-roza\/","title":{"rendered":"Nahrbtnik Madilan roza"},"content":{"rendered":"<h1>\u201eImam barvo, ki vam pade v o\u010di.&#8221;<\/h1>\n<h4>Toda dejstvo, da me va\u0161a okolica ne bo mogla nehati gledati, \u0161e zdale\u010d ni moje edino bogastvo. Poleg tega sem eleganten, prakti\u010dnen nahrbtnik in bom dopolnil vsako va\u0161o obleko.<\/h4>\n<ul>\n<li>2 glavna predala in en majhen predal z zadrgo<\/li>\n<li>Re\u017ea za slu\u0161alke<\/li>\n<li>Nastavljive naramnice<\/li>\n<li>Lahko se nosi na ve\u010d na\u010dinov<\/li>\n<\/ul>\n<p><img decoding=\"async\" class=\"alignnone size-thumbnail wp-image-13682\" src=\"https:\/\/www.torbice.eu\/wp-content\/uploads\/2021\/08\/7608-150x150.jpg\" alt=\"\" width=\"150\" height=\"150\" srcset=\"https:\/\/www.torbice.eu\/wp-content\/uploads\/2021\/08\/7608-150x150.jpg 150w, https:\/\/www.torbice.eu\/wp-content\/uploads\/2021\/08\/7608-300x300.jpg 300w, https:\/\/www.torbice.eu\/wp-content\/uploads\/2021\/08\/7608-800x800.jpg 800w, https:\/\/www.torbice.eu\/wp-content\/uploads\/2021\/08\/7608-768x768.jpg 768w, https:\/\/www.torbice.eu\/wp-content\/uploads\/2021\/08\/7608-510x510.jpg 510w, https:\/\/www.torbice.eu\/wp-content\/uploads\/2021\/08\/7608-100x100.jpg 100w, https:\/\/www.torbice.eu\/wp-content\/uploads\/2021\/08\/7608-60x60.jpg 60w, https:\/\/www.torbice.eu\/wp-content\/uploads\/2021\/08\/7608-90x90.jpg 90w, https:\/\/www.torbice.eu\/wp-content\/uploads\/2021\/08\/7608.jpg 1024w\" sizes=\"(max-width: 150px) 100vw, 150px\" \/><\/p>\n","protected":false},"excerpt":{"rendered":"<p>\u201eImam barvo, ki vam pade v o\u010di.&#8221; Toda dejstvo, da me va\u0161a okolica ne bo mogla nehati gledati, \u0161e zdale\u010d ni moje edino bogastvo. Poleg tega sem eleganten, prakti\u010dnen nahrbtnik in bom dopolnil vsako va\u0161o obleko. 2 glavna predala in en majhen predal z zadrgo Re\u017ea za slu\u0161alke Nastavljive naramnice Lahko se nosi na ve\u010d [&#8230;]\n","protected":false},"featured_media":13670,"comment_status":"open","ping_status":"closed","template":"","meta":[],"product_brand":[],"product_cat":[22],"product_tag":[],"yst_prominent_words":[],"class_list":{"0":"post-13669","1":"product","2":"type-product","3":"status-publish","4":"has-post-thumbnail","6":"product_cat-nahrbtniki","8":"first","9":"instock","10":"taxable","11":"shipping-taxable","12":"purchasable","13":"product-type-simple"},"_links":{"self":[{"href":"https:\/\/www.torbice.eu\/hr\/wp-json\/wp\/v2\/product\/13669","targetHints":{"allow":["GET"]}}],"collection":[{"href":"https:\/\/www.torbice.eu\/hr\/wp-json\/wp\/v2\/product"}],"about":[{"href":"https:\/\/www.torbice.eu\/hr\/wp-json\/wp\/v2\/types\/product"}],"replies":[{"embeddable":true,"href":"https:\/\/www.torbice.eu\/hr\/wp-json\/wp\/v2\/comments?post=13669"}],"wp:featuredmedia":[{"embeddable":true,"href":"https:\/\/www.torbice.eu\/hr\/wp-json\/wp\/v2\/media\/13670"}],"wp:attachment":[{"href":"https:\/\/www.torbice.eu\/hr\/wp-json\/wp\/v2\/media?parent=13669"}],"wp:term":[{"taxonomy":"product_brand","embeddable":true,"href":"https:\/\/www.torbice.eu\/hr\/wp-json\/wp\/v2\/product_brand?post=13669"},{"taxonomy":"product_cat","embeddable":true,"href":"https:\/\/www.torbice.eu\/hr\/wp-json\/wp\/v2\/product_cat?post=13669"},{"taxonomy":"product_tag","embeddable":true,"href":"https:\/\/www.torbice.eu\/hr\/wp-json\/wp\/v2\/product_tag?post=13669"},{"taxonomy":"yst_prominent_words","embeddable":true,"href":"https:\/\/www.torbice.eu\/hr\/wp-json\/wp\/v2\/yst_prominent_words?post=13669"}],"curies":[{"name":"wp","href":"https:\/\/api.w.org\/{rel}","templated":true}]}}