{"id":13635,"date":"2021-08-05T13:37:57","date_gmt":"2021-08-05T11:37:57","guid":{"rendered":"https:\/\/www.torbice.eu\/?post_type=product&#038;p=13635"},"modified":"2024-01-19T09:14:47","modified_gmt":"2024-01-19T08:14:47","slug":"nahrbtnik-carly-vijolicna","status":"publish","type":"product","link":"https:\/\/www.torbice.eu\/hr\/izdelek\/nahrbtnik-carly-vijolicna\/","title":{"rendered":"Nahrbtnik Carly vijoli\u010dna"},"content":{"rendered":"<h1>\u201eKateri nahrbtnik je bolj primeren za po\u010ditnice ob morju kot tisti, ki je okra\u0161en z valovi?&#8221;<\/h1>\n<h3>Carly nahrbtnik z valovi pa vam ne bo slu\u017eil samo ob morju, odli\u010dno bo videti tudi v gorah ali na ulicah velikega mesta.<\/h3>\n<ul>\n<li>2 glavna predala in en majhen predal z zadrgo<\/li>\n<li>Re\u017ea za slu\u0161alke<\/li>\n<li>Nastavljive naramnice<\/li>\n<li>Lahko se nosi na ve\u010d na\u010dinov<\/li>\n<li>Prilo\u017eeni pasovi<\/li>\n<\/ul>\n<p><img decoding=\"async\" class=\"alignnone size-thumbnail wp-image-13638\" src=\"https:\/\/www.torbice.eu\/wp-content\/uploads\/2021\/08\/10405-150x150.jpg\" alt=\"\" width=\"150\" height=\"150\" srcset=\"https:\/\/www.torbice.eu\/wp-content\/uploads\/2021\/08\/10405-150x150.jpg 150w, https:\/\/www.torbice.eu\/wp-content\/uploads\/2021\/08\/10405-300x300.jpg 300w, https:\/\/www.torbice.eu\/wp-content\/uploads\/2021\/08\/10405-800x800.jpg 800w, https:\/\/www.torbice.eu\/wp-content\/uploads\/2021\/08\/10405-768x768.jpg 768w, https:\/\/www.torbice.eu\/wp-content\/uploads\/2021\/08\/10405-510x510.jpg 510w, https:\/\/www.torbice.eu\/wp-content\/uploads\/2021\/08\/10405-100x100.jpg 100w, https:\/\/www.torbice.eu\/wp-content\/uploads\/2021\/08\/10405-60x60.jpg 60w, https:\/\/www.torbice.eu\/wp-content\/uploads\/2021\/08\/10405-90x90.jpg 90w, https:\/\/www.torbice.eu\/wp-content\/uploads\/2021\/08\/10405.jpg 1024w\" sizes=\"(max-width: 150px) 100vw, 150px\" \/><\/p>\n","protected":false},"excerpt":{"rendered":"<p>\u201eKateri nahrbtnik je bolj primeren za po\u010ditnice ob morju kot tisti, ki je okra\u0161en z valovi?&#8221; Carly nahrbtnik z valovi pa vam ne bo slu\u017eil samo ob morju, odli\u010dno bo videti tudi v gorah ali na ulicah velikega mesta. 2 glavna predala in en majhen predal z zadrgo Re\u017ea za slu\u0161alke Nastavljive naramnice Lahko se [&#8230;]\n","protected":false},"featured_media":13642,"comment_status":"open","ping_status":"closed","template":"","meta":[],"product_brand":[],"product_cat":[22],"product_tag":[],"yst_prominent_words":[],"class_list":{"0":"post-13635","1":"product","2":"type-product","3":"status-publish","4":"has-post-thumbnail","6":"product_cat-nahrbtniki","8":"first","9":"instock","10":"taxable","11":"shipping-taxable","12":"purchasable","13":"product-type-simple"},"_links":{"self":[{"href":"https:\/\/www.torbice.eu\/hr\/wp-json\/wp\/v2\/product\/13635","targetHints":{"allow":["GET"]}}],"collection":[{"href":"https:\/\/www.torbice.eu\/hr\/wp-json\/wp\/v2\/product"}],"about":[{"href":"https:\/\/www.torbice.eu\/hr\/wp-json\/wp\/v2\/types\/product"}],"replies":[{"embeddable":true,"href":"https:\/\/www.torbice.eu\/hr\/wp-json\/wp\/v2\/comments?post=13635"}],"wp:featuredmedia":[{"embeddable":true,"href":"https:\/\/www.torbice.eu\/hr\/wp-json\/wp\/v2\/media\/13642"}],"wp:attachment":[{"href":"https:\/\/www.torbice.eu\/hr\/wp-json\/wp\/v2\/media?parent=13635"}],"wp:term":[{"taxonomy":"product_brand","embeddable":true,"href":"https:\/\/www.torbice.eu\/hr\/wp-json\/wp\/v2\/product_brand?post=13635"},{"taxonomy":"product_cat","embeddable":true,"href":"https:\/\/www.torbice.eu\/hr\/wp-json\/wp\/v2\/product_cat?post=13635"},{"taxonomy":"product_tag","embeddable":true,"href":"https:\/\/www.torbice.eu\/hr\/wp-json\/wp\/v2\/product_tag?post=13635"},{"taxonomy":"yst_prominent_words","embeddable":true,"href":"https:\/\/www.torbice.eu\/hr\/wp-json\/wp\/v2\/yst_prominent_words?post=13635"}],"curies":[{"name":"wp","href":"https:\/\/api.w.org\/{rel}","templated":true}]}}