{"id":13513,"date":"2021-04-05T10:11:22","date_gmt":"2021-04-05T08:11:22","guid":{"rendered":"https:\/\/www.torbice.eu\/izdelek\/novcanik-shirley-crni\/"},"modified":"2021-04-05T10:11:22","modified_gmt":"2021-04-05T08:11:22","slug":"novcanik-shirley-crni","status":"publish","type":"product","link":"https:\/\/www.torbice.eu\/hr\/izdelek\/novcanik-shirley-crni\/","title":{"rendered":"Nov\u010danik Shirley crni"},"content":{"rendered":"<h1> Tra\u017eite nov\u010danik koji \u0107e vas osvojiti na prvi pogled? <\/h1>\n<h3> Modni nov\u010danik koji \u0107ete htjeti pokazati svijetu. <\/h3>\n<ul>\n<li id \u200b\u200b= \"tw-target-text\" class = \"tw-data-text tw-text-large XcVN5d tw-ta\" dir = \"ltr\" data-placeholder = \"Translation\"> <span lang = \"sl \"style =\" font-family: helvetica, arial, sans-serif; \"> Zatvaranje gumba <\/span> <\/li>\n<li class = \"tw-data-text tw-text-large XcVN5d tw-ta\" dir = \"ltr\" data-placeholder = \"Translation\"> <span lang = \"sl\" style = \"font-family: helvetica, arial , sans-serif; \"> 3 utora za kartice <\/span> <\/li>\n<li class = \"tw-data-text tw-text-large XcVN5d tw-ta\" dir = \"ltr\" data-placeholder = \"Translation\"> <span lang = \"sl\" style = \"font-family: helvetica, arial , sans-serif; \"> 2 na\u010dina no\u0161enja &#8211; oko struka ili preko ramena <\/span> <\/li>\n<li class = \"tw-data-text tw-text-large XcVN5d tw-ta\" dir = \"ltr\" data-placeholder = \"Translation\"> <span lang = \"sl\" style = \"font-family: helvetica, arial , sans-serif; \"> Veli\u010dina: min. 68 cm &#8211; do 84 cm <\/span> <\/li>\n<\/ul>\n","protected":false},"excerpt":{"rendered":"<p>Tra\u017eite nov\u010danik koji \u0107e vas osvojiti na prvi pogled? Modni nov\u010danik koji \u0107ete htjeti pokazati svijetu. Zatvaranje gumba 3 utora za kartice 2 na\u010dina no\u0161enja &#8211; oko struka ili preko ramena Veli\u010dina: min. 68 cm &#8211; do 84 cm<\/p>\n","protected":false},"featured_media":13367,"comment_status":"open","ping_status":"closed","template":"","meta":[],"product_brand":[],"product_cat":[47,42],"product_tag":[],"yst_prominent_words":[],"class_list":{"0":"post-13513","1":"product","2":"type-product","3":"status-publish","4":"has-post-thumbnail","6":"product_cat-novacnici","7":"product_cat-zenske-torbe","9":"first","10":"onbackorder","11":"taxable","12":"shipping-taxable","13":"purchasable","14":"product-type-simple"},"_links":{"self":[{"href":"https:\/\/www.torbice.eu\/hr\/wp-json\/wp\/v2\/product\/13513","targetHints":{"allow":["GET"]}}],"collection":[{"href":"https:\/\/www.torbice.eu\/hr\/wp-json\/wp\/v2\/product"}],"about":[{"href":"https:\/\/www.torbice.eu\/hr\/wp-json\/wp\/v2\/types\/product"}],"replies":[{"embeddable":true,"href":"https:\/\/www.torbice.eu\/hr\/wp-json\/wp\/v2\/comments?post=13513"}],"wp:featuredmedia":[{"embeddable":true,"href":"https:\/\/www.torbice.eu\/hr\/wp-json\/wp\/v2\/media\/13367"}],"wp:attachment":[{"href":"https:\/\/www.torbice.eu\/hr\/wp-json\/wp\/v2\/media?parent=13513"}],"wp:term":[{"taxonomy":"product_brand","embeddable":true,"href":"https:\/\/www.torbice.eu\/hr\/wp-json\/wp\/v2\/product_brand?post=13513"},{"taxonomy":"product_cat","embeddable":true,"href":"https:\/\/www.torbice.eu\/hr\/wp-json\/wp\/v2\/product_cat?post=13513"},{"taxonomy":"product_tag","embeddable":true,"href":"https:\/\/www.torbice.eu\/hr\/wp-json\/wp\/v2\/product_tag?post=13513"},{"taxonomy":"yst_prominent_words","embeddable":true,"href":"https:\/\/www.torbice.eu\/hr\/wp-json\/wp\/v2\/yst_prominent_words?post=13513"}],"curies":[{"name":"wp","href":"https:\/\/api.w.org\/{rel}","templated":true}]}}