{"id":13512,"date":"2021-04-05T11:02:27","date_gmt":"2021-04-05T09:02:27","guid":{"rendered":"https:\/\/www.torbice.eu\/izdelek\/novcanik-elisa-crveno-vino\/"},"modified":"2021-04-05T11:02:27","modified_gmt":"2021-04-05T09:02:27","slug":"novcanik-elisa-crveno-vino","status":"publish","type":"product","link":"https:\/\/www.torbice.eu\/hr\/izdelek\/novcanik-elisa-crveno-vino\/","title":{"rendered":"Nov\u010danik Elisa crveno vino"},"content":{"rendered":"<h1> Tra\u017eite li trendovski dodatak svojoj odje\u0107i? <\/h1>\n<p>Nov\u010danik idealnih dimenzija i ukra\u0161en remenom u modnim bojama.<\/p>\n<ul>\n<li> zatvoreni d\u017eep nov\u010di\u0107a <\/li>\n<li> dva prostrana d\u017eepa nov\u010danica <\/li>\n<li> Prostor s 12 kartica <\/li>\n<li> Zip-zatvaranje <\/li>\n<\/ul>\n","protected":false},"excerpt":{"rendered":"<p>Tra\u017eite li trendovski dodatak svojoj odje\u0107i? Nov\u010danik idealnih dimenzija i ukra\u0161en remenom u modnim bojama. zatvoreni d\u017eep nov\u010di\u0107a dva prostrana d\u017eepa nov\u010danica Prostor s 12 kartica Zip-zatvaranje<\/p>\n","protected":false},"featured_media":13394,"comment_status":"open","ping_status":"closed","template":"","meta":[],"product_brand":[],"product_cat":[47],"product_tag":[],"yst_prominent_words":[],"class_list":{"0":"post-13512","1":"product","2":"type-product","3":"status-publish","4":"has-post-thumbnail","6":"product_cat-novacnici","8":"first","9":"instock","10":"taxable","11":"shipping-taxable","12":"purchasable","13":"product-type-simple"},"_links":{"self":[{"href":"https:\/\/www.torbice.eu\/hr\/wp-json\/wp\/v2\/product\/13512","targetHints":{"allow":["GET"]}}],"collection":[{"href":"https:\/\/www.torbice.eu\/hr\/wp-json\/wp\/v2\/product"}],"about":[{"href":"https:\/\/www.torbice.eu\/hr\/wp-json\/wp\/v2\/types\/product"}],"replies":[{"embeddable":true,"href":"https:\/\/www.torbice.eu\/hr\/wp-json\/wp\/v2\/comments?post=13512"}],"wp:featuredmedia":[{"embeddable":true,"href":"https:\/\/www.torbice.eu\/hr\/wp-json\/wp\/v2\/media\/13394"}],"wp:attachment":[{"href":"https:\/\/www.torbice.eu\/hr\/wp-json\/wp\/v2\/media?parent=13512"}],"wp:term":[{"taxonomy":"product_brand","embeddable":true,"href":"https:\/\/www.torbice.eu\/hr\/wp-json\/wp\/v2\/product_brand?post=13512"},{"taxonomy":"product_cat","embeddable":true,"href":"https:\/\/www.torbice.eu\/hr\/wp-json\/wp\/v2\/product_cat?post=13512"},{"taxonomy":"product_tag","embeddable":true,"href":"https:\/\/www.torbice.eu\/hr\/wp-json\/wp\/v2\/product_tag?post=13512"},{"taxonomy":"yst_prominent_words","embeddable":true,"href":"https:\/\/www.torbice.eu\/hr\/wp-json\/wp\/v2\/yst_prominent_words?post=13512"}],"curies":[{"name":"wp","href":"https:\/\/api.w.org\/{rel}","templated":true}]}}