{"id":13508,"date":"2021-04-05T12:08:35","date_gmt":"2021-04-05T10:08:35","guid":{"rendered":"https:\/\/www.torbice.eu\/izdelek\/ruksak-francis-beige\/"},"modified":"2021-05-07T14:45:14","modified_gmt":"2021-05-07T12:45:14","slug":"ruksak-francis-beige","status":"publish","type":"product","link":"https:\/\/www.torbice.eu\/hr\/izdelek\/ruksak-francis-beige\/","title":{"rendered":"Ruksak Francis beige"},"content":{"rendered":"<h1> Volite li nositi ruksake? <\/h1>\n<h3> Prekrasan dizajn, stil i prakti\u010dnost ne\u0161to su \u0161to svaki ljubitelj ruksaka \u017eeli. <\/h3>\n<ul>\n<li> Dvaput zatvorite glavni pretinac patentnim zatvara\u010dem i gumbom <\/li>\n<li> Prednji se d\u017eep zatvara patentnim zatvara\u010dem <\/li>\n<li> Udobne i podesive trake <\/li>\n<li> Na stra\u017enjoj strani ima d\u017eep s patentnim zatvara\u010dem za telefon ili tipke <\/li>\n<\/ul>\n","protected":false},"excerpt":{"rendered":"<p>Volite li nositi ruksake? Prekrasan dizajn, stil i prakti\u010dnost ne\u0161to su \u0161to svaki ljubitelj ruksaka \u017eeli. Dvaput zatvorite glavni pretinac patentnim zatvara\u010dem i gumbom Prednji se d\u017eep zatvara patentnim zatvara\u010dem Udobne i podesive trake Na stra\u017enjoj strani ima d\u017eep s patentnim zatvara\u010dem za telefon ili tipke<\/p>\n","protected":false},"featured_media":13458,"comment_status":"open","ping_status":"closed","template":"","meta":[],"product_brand":[],"product_cat":[46],"product_tag":[],"yst_prominent_words":[],"class_list":{"0":"post-13508","1":"product","2":"type-product","3":"status-publish","4":"has-post-thumbnail","6":"product_cat-ruksaki","8":"first","9":"outofstock","10":"taxable","11":"shipping-taxable","12":"purchasable","13":"product-type-simple"},"_links":{"self":[{"href":"https:\/\/www.torbice.eu\/hr\/wp-json\/wp\/v2\/product\/13508","targetHints":{"allow":["GET"]}}],"collection":[{"href":"https:\/\/www.torbice.eu\/hr\/wp-json\/wp\/v2\/product"}],"about":[{"href":"https:\/\/www.torbice.eu\/hr\/wp-json\/wp\/v2\/types\/product"}],"replies":[{"embeddable":true,"href":"https:\/\/www.torbice.eu\/hr\/wp-json\/wp\/v2\/comments?post=13508"}],"wp:featuredmedia":[{"embeddable":true,"href":"https:\/\/www.torbice.eu\/hr\/wp-json\/wp\/v2\/media\/13458"}],"wp:attachment":[{"href":"https:\/\/www.torbice.eu\/hr\/wp-json\/wp\/v2\/media?parent=13508"}],"wp:term":[{"taxonomy":"product_brand","embeddable":true,"href":"https:\/\/www.torbice.eu\/hr\/wp-json\/wp\/v2\/product_brand?post=13508"},{"taxonomy":"product_cat","embeddable":true,"href":"https:\/\/www.torbice.eu\/hr\/wp-json\/wp\/v2\/product_cat?post=13508"},{"taxonomy":"product_tag","embeddable":true,"href":"https:\/\/www.torbice.eu\/hr\/wp-json\/wp\/v2\/product_tag?post=13508"},{"taxonomy":"yst_prominent_words","embeddable":true,"href":"https:\/\/www.torbice.eu\/hr\/wp-json\/wp\/v2\/yst_prominent_words?post=13508"}],"curies":[{"name":"wp","href":"https:\/\/api.w.org\/{rel}","templated":true}]}}