{"id":13251,"date":"2021-04-04T19:55:40","date_gmt":"2021-04-04T17:55:40","guid":{"rendered":"https:\/\/www.torbice.eu\/?post_type=product&#038;p=13251"},"modified":"2021-04-16T19:20:24","modified_gmt":"2021-04-16T17:20:24","slug":"torbica-arien-modra","status":"publish","type":"product","link":"https:\/\/www.torbice.eu\/hr\/izdelek\/torbica-arien-modra\/","title":{"rendered":"Torbica Arien modra"},"content":{"rendered":"<h1>I\u0161\u010de\u0161 popolno torbico?<\/h1>\n<p>Torbica Arien te bo navdu\u0161ila s svojim izgledom, prostornostjo in ne bo\u0161 se mogla lo\u010diti od nje.<\/p>\n<ul>\n<li>Torbica ima notranji \u017eep na zadrgo, kamor lahko pospravi\u0161 pomembne stvari<\/li>\n<li>Trak za \u010dez ramena s pikami, ki da torbici poseben pe\u010dat<\/li>\n<li>Oja\u010dana oblika torbice<\/li>\n<\/ul>\n","protected":false},"excerpt":{"rendered":"<p>I\u0161\u010de\u0161 popolno torbico? Torbica Arien te bo navdu\u0161ila s svojim izgledom, prostornostjo in ne bo\u0161 se mogla lo\u010diti od nje. Torbica ima notranji \u017eep na zadrgo, kamor lahko pospravi\u0161 pomembne stvari Trak za \u010dez ramena s pikami, ki da torbici poseben pe\u010dat Oja\u010dana oblika torbice<\/p>\n","protected":false},"featured_media":13256,"comment_status":"open","ping_status":"closed","template":"","meta":[],"product_brand":[],"product_cat":[19],"product_tag":[],"yst_prominent_words":[],"class_list":{"0":"post-13251","1":"product","2":"type-product","3":"status-publish","4":"has-post-thumbnail","6":"product_cat-torbice","8":"first","9":"instock","10":"taxable","11":"shipping-taxable","12":"purchasable","13":"product-type-simple"},"_links":{"self":[{"href":"https:\/\/www.torbice.eu\/hr\/wp-json\/wp\/v2\/product\/13251","targetHints":{"allow":["GET"]}}],"collection":[{"href":"https:\/\/www.torbice.eu\/hr\/wp-json\/wp\/v2\/product"}],"about":[{"href":"https:\/\/www.torbice.eu\/hr\/wp-json\/wp\/v2\/types\/product"}],"replies":[{"embeddable":true,"href":"https:\/\/www.torbice.eu\/hr\/wp-json\/wp\/v2\/comments?post=13251"}],"wp:featuredmedia":[{"embeddable":true,"href":"https:\/\/www.torbice.eu\/hr\/wp-json\/wp\/v2\/media\/13256"}],"wp:attachment":[{"href":"https:\/\/www.torbice.eu\/hr\/wp-json\/wp\/v2\/media?parent=13251"}],"wp:term":[{"taxonomy":"product_brand","embeddable":true,"href":"https:\/\/www.torbice.eu\/hr\/wp-json\/wp\/v2\/product_brand?post=13251"},{"taxonomy":"product_cat","embeddable":true,"href":"https:\/\/www.torbice.eu\/hr\/wp-json\/wp\/v2\/product_cat?post=13251"},{"taxonomy":"product_tag","embeddable":true,"href":"https:\/\/www.torbice.eu\/hr\/wp-json\/wp\/v2\/product_tag?post=13251"},{"taxonomy":"yst_prominent_words","embeddable":true,"href":"https:\/\/www.torbice.eu\/hr\/wp-json\/wp\/v2\/yst_prominent_words?post=13251"}],"curies":[{"name":"wp","href":"https:\/\/api.w.org\/{rel}","templated":true}]}}