{"id":13232,"date":"2021-04-04T19:21:43","date_gmt":"2021-04-04T17:21:43","guid":{"rendered":"https:\/\/www.torbice.eu\/?post_type=product&#038;p=13232"},"modified":"2021-04-16T19:20:16","modified_gmt":"2021-04-16T17:20:16","slug":"denarnica-anisha-rjava","status":"publish","type":"product","link":"https:\/\/www.torbice.eu\/hr\/izdelek\/denarnica-anisha-rjava\/","title":{"rendered":"Denarnica Anisha rjava"},"content":{"rendered":"<h1>I\u0161\u010de\u0161 denarnico, ki te bo osvojila na prvi pogled?<\/h1>\n<h3>Modna denarnica, ki jo bo\u0161 \u017eelela pokazati svetu.<\/h3>\n<ul>\n<li id=\"tw-target-text\" class=\"tw-data-text tw-text-large XcVN5d tw-ta\" dir=\"ltr\" data-placeholder=\"Translation\"><span lang=\"sl\" style=\"font-family: helvetica, arial, sans-serif;\">Zapiranje na gumb<\/span><\/li>\n<li class=\"tw-data-text tw-text-large XcVN5d tw-ta\" dir=\"ltr\" data-placeholder=\"Translation\"><span lang=\"sl\" style=\"font-family: helvetica, arial, sans-serif;\">3 notranje re\u017ee za kartice<\/span><\/li>\n<li class=\"tw-data-text tw-text-large XcVN5d tw-ta\" dir=\"ltr\" data-placeholder=\"Translation\"><span lang=\"sl\" style=\"font-family: helvetica, arial, sans-serif;\">2 na\u010dina no\u0161enja &#8211; okoli pasu ali \u010dez ramo <\/span><\/li>\n<li class=\"tw-data-text tw-text-large XcVN5d tw-ta\" dir=\"ltr\" data-placeholder=\"Translation\"><span lang=\"sl\" style=\"font-family: helvetica, arial, sans-serif;\">Velikost: min. 68 cm &#8211; najve\u010d 84 cm<\/span><\/li>\n<\/ul>\n","protected":false},"excerpt":{"rendered":"<p>I\u0161\u010de\u0161 denarnico, ki te bo osvojila na prvi pogled? Modna denarnica, ki jo bo\u0161 \u017eelela pokazati svetu. Zapiranje na gumb 3 notranje re\u017ee za kartice 2 na\u010dina no\u0161enja &#8211; okoli pasu ali \u010dez ramo Velikost: min. 68 cm &#8211; najve\u010d 84 cm<\/p>\n","protected":false},"featured_media":13237,"comment_status":"open","ping_status":"closed","template":"","meta":[],"product_brand":[],"product_cat":[21,19],"product_tag":[],"yst_prominent_words":[],"class_list":{"0":"post-13232","1":"product","2":"type-product","3":"status-publish","4":"has-post-thumbnail","6":"product_cat-denarnice","7":"product_cat-torbice","9":"first","10":"instock","11":"taxable","12":"shipping-taxable","13":"purchasable","14":"product-type-simple"},"_links":{"self":[{"href":"https:\/\/www.torbice.eu\/hr\/wp-json\/wp\/v2\/product\/13232","targetHints":{"allow":["GET"]}}],"collection":[{"href":"https:\/\/www.torbice.eu\/hr\/wp-json\/wp\/v2\/product"}],"about":[{"href":"https:\/\/www.torbice.eu\/hr\/wp-json\/wp\/v2\/types\/product"}],"replies":[{"embeddable":true,"href":"https:\/\/www.torbice.eu\/hr\/wp-json\/wp\/v2\/comments?post=13232"}],"wp:featuredmedia":[{"embeddable":true,"href":"https:\/\/www.torbice.eu\/hr\/wp-json\/wp\/v2\/media\/13237"}],"wp:attachment":[{"href":"https:\/\/www.torbice.eu\/hr\/wp-json\/wp\/v2\/media?parent=13232"}],"wp:term":[{"taxonomy":"product_brand","embeddable":true,"href":"https:\/\/www.torbice.eu\/hr\/wp-json\/wp\/v2\/product_brand?post=13232"},{"taxonomy":"product_cat","embeddable":true,"href":"https:\/\/www.torbice.eu\/hr\/wp-json\/wp\/v2\/product_cat?post=13232"},{"taxonomy":"product_tag","embeddable":true,"href":"https:\/\/www.torbice.eu\/hr\/wp-json\/wp\/v2\/product_tag?post=13232"},{"taxonomy":"yst_prominent_words","embeddable":true,"href":"https:\/\/www.torbice.eu\/hr\/wp-json\/wp\/v2\/yst_prominent_words?post=13232"}],"curies":[{"name":"wp","href":"https:\/\/api.w.org\/{rel}","templated":true}]}}