{"id":13046,"date":"2019-08-25T10:20:46","date_gmt":"2019-08-25T08:20:46","guid":{"rendered":"https:\/\/www.torbice.eu\/izdelek\/zenski-ruksak-lilu-bez\/"},"modified":"2019-08-25T10:20:46","modified_gmt":"2019-08-25T08:20:46","slug":"zenski-ruksak-lilu-bez","status":"publish","type":"product","link":"https:\/\/www.torbice.eu\/hr\/izdelek\/zenski-ruksak-lilu-bez\/","title":{"rendered":"\u017denski ruksak Lilu be\u017e"},"content":{"rendered":"<p>\u017denski ruksak s modnim dodacima<\/p>\n<ul>\n<li>Dimenzije: 31 x 27 x 12,5 cm<\/li>\n<li>Podesive trake<\/li>\n<li>Dr\u017ea\u010d za no\u0161enje<\/li>\n<li>Vanjski d\u017eep<\/li>\n<li>Zatvaranje z zatvara\u010daem<\/li>\n<li>Podstavljena unutra\u0161njost<\/li>\n<li>Iznutra ima odjeljke kako bi stvari bilo lak\u0161e organizirati<\/li>\n<\/ul>\n","protected":false},"excerpt":{"rendered":"<p>\u017denski ruksak s modnim dodacima Dimenzije: 31 x 27 x 12,5 cm Podesive trake Dr\u017ea\u010d za no\u0161enje Vanjski d\u017eep Zatvaranje z zatvara\u010daem Podstavljena unutra\u0161njost Iznutra ima odjeljke kako bi stvari bilo lak\u0161e organizirati<\/p>\n","protected":false},"featured_media":6729,"comment_status":"open","ping_status":"closed","template":"","meta":[],"product_brand":[],"product_cat":[46],"product_tag":[],"yst_prominent_words":[],"class_list":{"0":"post-13046","1":"product","2":"type-product","3":"status-publish","4":"has-post-thumbnail","6":"product_cat-ruksaki","8":"first","9":"outofstock","10":"sale","11":"taxable","12":"shipping-taxable","13":"purchasable","14":"product-type-simple"},"_links":{"self":[{"href":"https:\/\/www.torbice.eu\/hr\/wp-json\/wp\/v2\/product\/13046","targetHints":{"allow":["GET"]}}],"collection":[{"href":"https:\/\/www.torbice.eu\/hr\/wp-json\/wp\/v2\/product"}],"about":[{"href":"https:\/\/www.torbice.eu\/hr\/wp-json\/wp\/v2\/types\/product"}],"replies":[{"embeddable":true,"href":"https:\/\/www.torbice.eu\/hr\/wp-json\/wp\/v2\/comments?post=13046"}],"wp:featuredmedia":[{"embeddable":true,"href":"https:\/\/www.torbice.eu\/hr\/wp-json\/wp\/v2\/media\/6729"}],"wp:attachment":[{"href":"https:\/\/www.torbice.eu\/hr\/wp-json\/wp\/v2\/media?parent=13046"}],"wp:term":[{"taxonomy":"product_brand","embeddable":true,"href":"https:\/\/www.torbice.eu\/hr\/wp-json\/wp\/v2\/product_brand?post=13046"},{"taxonomy":"product_cat","embeddable":true,"href":"https:\/\/www.torbice.eu\/hr\/wp-json\/wp\/v2\/product_cat?post=13046"},{"taxonomy":"product_tag","embeddable":true,"href":"https:\/\/www.torbice.eu\/hr\/wp-json\/wp\/v2\/product_tag?post=13046"},{"taxonomy":"yst_prominent_words","embeddable":true,"href":"https:\/\/www.torbice.eu\/hr\/wp-json\/wp\/v2\/yst_prominent_words?post=13046"}],"curies":[{"name":"wp","href":"https:\/\/api.w.org\/{rel}","templated":true}]}}