{"id":13043,"date":"2020-05-23T22:06:21","date_gmt":"2020-05-23T20:06:21","guid":{"rendered":"https:\/\/www.torbice.eu\/izdelek\/zenski-ruksak-sofija-crn\/"},"modified":"2020-05-23T22:06:21","modified_gmt":"2020-05-23T20:06:21","slug":"zenski-ruksak-sofija-crn","status":"publish","type":"product","link":"https:\/\/www.torbice.eu\/hr\/izdelek\/zenski-ruksak-sofija-crn\/","title":{"rendered":"\u017denski ruksak Sofija crn"},"content":{"rendered":"<ul>\n<li>Dimenzije: 37 x 35 x 20 cm<\/li>\n<li>Podstavljena i prostrana unutra\u0161njost<\/li>\n<li>D\u017eep s patentnim zatvara\u010dem na stra\u017enjoj strani ruksaka<\/li>\n<li>Kartice za pohranu telefona i malih predmeta<\/li>\n<li>Podesive trake<\/li>\n<li>Vanjski d\u017eep s patentnim zatvara\u010dem<\/li>\n<li>Zatvaranje z zatvara\u010dem<\/li>\n<li>Kartice na vanjskoj strani ruksaka za pohranu<\/li>\n<li>Uz ruksak dobivate i medvje\u0111i privjesak<\/li>\n<\/ul>\n","protected":false},"excerpt":{"rendered":"<p>Dimenzije: 37 x 35 x 20 cm Podstavljena i prostrana unutra\u0161njost D\u017eep s patentnim zatvara\u010dem na stra\u017enjoj strani ruksaka Kartice za pohranu telefona i malih predmeta Podesive trake Vanjski d\u017eep s patentnim zatvara\u010dem Zatvaranje z zatvara\u010dem Kartice na vanjskoj strani ruksaka za pohranu Uz ruksak dobivate i medvje\u0111i privjesak<\/p>\n","protected":false},"featured_media":8214,"comment_status":"open","ping_status":"closed","template":"","meta":[],"product_brand":[],"product_cat":[46],"product_tag":[],"yst_prominent_words":[],"class_list":{"0":"post-13043","1":"product","2":"type-product","3":"status-publish","4":"has-post-thumbnail","6":"product_cat-ruksaki","8":"first","9":"outofstock","10":"sale","11":"taxable","12":"shipping-taxable","13":"purchasable","14":"product-type-simple"},"_links":{"self":[{"href":"https:\/\/www.torbice.eu\/hr\/wp-json\/wp\/v2\/product\/13043","targetHints":{"allow":["GET"]}}],"collection":[{"href":"https:\/\/www.torbice.eu\/hr\/wp-json\/wp\/v2\/product"}],"about":[{"href":"https:\/\/www.torbice.eu\/hr\/wp-json\/wp\/v2\/types\/product"}],"replies":[{"embeddable":true,"href":"https:\/\/www.torbice.eu\/hr\/wp-json\/wp\/v2\/comments?post=13043"}],"wp:featuredmedia":[{"embeddable":true,"href":"https:\/\/www.torbice.eu\/hr\/wp-json\/wp\/v2\/media\/8214"}],"wp:attachment":[{"href":"https:\/\/www.torbice.eu\/hr\/wp-json\/wp\/v2\/media?parent=13043"}],"wp:term":[{"taxonomy":"product_brand","embeddable":true,"href":"https:\/\/www.torbice.eu\/hr\/wp-json\/wp\/v2\/product_brand?post=13043"},{"taxonomy":"product_cat","embeddable":true,"href":"https:\/\/www.torbice.eu\/hr\/wp-json\/wp\/v2\/product_cat?post=13043"},{"taxonomy":"product_tag","embeddable":true,"href":"https:\/\/www.torbice.eu\/hr\/wp-json\/wp\/v2\/product_tag?post=13043"},{"taxonomy":"yst_prominent_words","embeddable":true,"href":"https:\/\/www.torbice.eu\/hr\/wp-json\/wp\/v2\/yst_prominent_words?post=13043"}],"curies":[{"name":"wp","href":"https:\/\/api.w.org\/{rel}","templated":true}]}}