{"id":13037,"date":"2020-08-15T18:36:19","date_gmt":"2020-08-15T16:36:19","guid":{"rendered":"https:\/\/www.torbice.eu\/izdelek\/torbica-nora-crna\/"},"modified":"2020-08-15T18:36:19","modified_gmt":"2020-08-15T16:36:19","slug":"torbica-nora-crna","status":"publish","type":"product","link":"https:\/\/www.torbice.eu\/hr\/izdelek\/torbica-nora-crna\/","title":{"rendered":"Torbica Nora crna"},"content":{"rendered":"<p>Torbica s efektom zmijske ko\u017ee<\/p>\n<ul>\n<li>Izvana: umjetna ko\u017ea<\/li>\n<li>Interijer: poliester<\/li>\n<li>Uklju\u010den remen za rame<\/li>\n<li>Jedan veliki unutarnji prostor<\/li>\n<li>1 unutarnji d\u017eep<\/li>\n<li>2 tanka unutarnja d\u017eepa<\/li>\n<li>Zatvaranje na magnetskom gumbu<\/li>\n<li>Dimenzije: 38 x 29 x 14 cm<\/li>\n<\/ul>\n","protected":false},"excerpt":{"rendered":"<p>Torbica s efektom zmijske ko\u017ee Izvana: umjetna ko\u017ea Interijer: poliester Uklju\u010den remen za rame Jedan veliki unutarnji prostor 1 unutarnji d\u017eep 2 tanka unutarnja d\u017eepa Zatvaranje na magnetskom gumbu Dimenzije: 38 x 29 x 14 cm<\/p>\n","protected":false},"featured_media":12881,"comment_status":"open","ping_status":"closed","template":"","meta":[],"product_brand":[],"product_cat":[42],"product_tag":[],"yst_prominent_words":[],"class_list":{"0":"post-13037","1":"product","2":"type-product","3":"status-publish","4":"has-post-thumbnail","6":"product_cat-zenske-torbe","8":"first","9":"outofstock","10":"sale","11":"taxable","12":"shipping-taxable","13":"purchasable","14":"product-type-simple"},"_links":{"self":[{"href":"https:\/\/www.torbice.eu\/hr\/wp-json\/wp\/v2\/product\/13037","targetHints":{"allow":["GET"]}}],"collection":[{"href":"https:\/\/www.torbice.eu\/hr\/wp-json\/wp\/v2\/product"}],"about":[{"href":"https:\/\/www.torbice.eu\/hr\/wp-json\/wp\/v2\/types\/product"}],"replies":[{"embeddable":true,"href":"https:\/\/www.torbice.eu\/hr\/wp-json\/wp\/v2\/comments?post=13037"}],"wp:featuredmedia":[{"embeddable":true,"href":"https:\/\/www.torbice.eu\/hr\/wp-json\/wp\/v2\/media\/12881"}],"wp:attachment":[{"href":"https:\/\/www.torbice.eu\/hr\/wp-json\/wp\/v2\/media?parent=13037"}],"wp:term":[{"taxonomy":"product_brand","embeddable":true,"href":"https:\/\/www.torbice.eu\/hr\/wp-json\/wp\/v2\/product_brand?post=13037"},{"taxonomy":"product_cat","embeddable":true,"href":"https:\/\/www.torbice.eu\/hr\/wp-json\/wp\/v2\/product_cat?post=13037"},{"taxonomy":"product_tag","embeddable":true,"href":"https:\/\/www.torbice.eu\/hr\/wp-json\/wp\/v2\/product_tag?post=13037"},{"taxonomy":"yst_prominent_words","embeddable":true,"href":"https:\/\/www.torbice.eu\/hr\/wp-json\/wp\/v2\/yst_prominent_words?post=13037"}],"curies":[{"name":"wp","href":"https:\/\/api.w.org\/{rel}","templated":true}]}}