{"id":13035,"date":"2020-08-23T16:59:16","date_gmt":"2020-08-23T14:59:16","guid":{"rendered":"https:\/\/www.torbice.eu\/izdelek\/13035\/"},"modified":"2020-08-23T16:59:16","modified_gmt":"2020-08-23T14:59:16","slug":"13035","status":"publish","type":"product","link":"https:\/\/www.torbice.eu\/hr\/izdelek\/13035\/","title":{"rendered":""},"content":{"rendered":"<p><span lang=\"hr\" style=\"font-family: helvetica, arial, sans-serif;\">Manja torbica sa resicama<\/p>\n<p><\/span><\/p>\n<ul>\n<li><span lang=\"hr\" style=\"font-family: helvetica, arial, sans-serif;\">Dimenzije: 35 x 35 x 3 cm<\/span><\/li>\n<li><span lang=\"hr\" style=\"font-family: helvetica, arial, sans-serif;\">Izvana: sinteti\u010dki materijal<\/span><\/li>\n<li><span lang=\"hr\" style=\"font-family: helvetica, arial, sans-serif;\">Interijer: poliester<\/span><\/li>\n<li><span lang=\"hr\" style=\"font-family: helvetica, arial, sans-serif;\">Jedan unutarnji d\u017eep s patentnim zatvara\u010dem<\/span><\/li>\n<li><span lang=\"hr\" style=\"font-family: helvetica, arial, sans-serif;\">Jedan unutarnji d\u017eep bez patentnog zatvara\u010da<\/span><\/li>\n<li><span lang=\"hr\" style=\"font-family: helvetica, arial, sans-serif;\">Zatvaranje magnetskim gumbom<\/span><\/li>\n<\/ul>\n","protected":false},"excerpt":{"rendered":"<p>Manja torbica sa resicama Dimenzije: 35 x 35 x 3 cm Izvana: sinteti\u010dki materijal Interijer: poliester Jedan unutarnji d\u017eep s patentnim zatvara\u010dem Jedan unutarnji d\u017eep bez patentnog zatvara\u010da Zatvaranje magnetskim gumbom<\/p>\n","protected":false},"featured_media":13025,"comment_status":"open","ping_status":"closed","template":"","meta":[],"product_brand":[],"product_cat":[42],"product_tag":[],"yst_prominent_words":[],"class_list":{"0":"post-13035","1":"product","2":"type-product","3":"status-publish","4":"has-post-thumbnail","6":"product_cat-zenske-torbe","8":"first","9":"instock","10":"sale","11":"taxable","12":"shipping-taxable","13":"purchasable","14":"product-type-simple"},"_links":{"self":[{"href":"https:\/\/www.torbice.eu\/hr\/wp-json\/wp\/v2\/product\/13035","targetHints":{"allow":["GET"]}}],"collection":[{"href":"https:\/\/www.torbice.eu\/hr\/wp-json\/wp\/v2\/product"}],"about":[{"href":"https:\/\/www.torbice.eu\/hr\/wp-json\/wp\/v2\/types\/product"}],"replies":[{"embeddable":true,"href":"https:\/\/www.torbice.eu\/hr\/wp-json\/wp\/v2\/comments?post=13035"}],"wp:featuredmedia":[{"embeddable":true,"href":"https:\/\/www.torbice.eu\/hr\/wp-json\/wp\/v2\/media\/13025"}],"wp:attachment":[{"href":"https:\/\/www.torbice.eu\/hr\/wp-json\/wp\/v2\/media?parent=13035"}],"wp:term":[{"taxonomy":"product_brand","embeddable":true,"href":"https:\/\/www.torbice.eu\/hr\/wp-json\/wp\/v2\/product_brand?post=13035"},{"taxonomy":"product_cat","embeddable":true,"href":"https:\/\/www.torbice.eu\/hr\/wp-json\/wp\/v2\/product_cat?post=13035"},{"taxonomy":"product_tag","embeddable":true,"href":"https:\/\/www.torbice.eu\/hr\/wp-json\/wp\/v2\/product_tag?post=13035"},{"taxonomy":"yst_prominent_words","embeddable":true,"href":"https:\/\/www.torbice.eu\/hr\/wp-json\/wp\/v2\/yst_prominent_words?post=13035"}],"curies":[{"name":"wp","href":"https:\/\/api.w.org\/{rel}","templated":true}]}}