{"id":13002,"date":"2020-08-23T10:28:19","date_gmt":"2020-08-23T08:28:19","guid":{"rendered":"https:\/\/www.torbice.eu\/izdelek\/zenski-ruksak-ari-plavi\/"},"modified":"2020-08-23T10:28:19","modified_gmt":"2020-08-23T08:28:19","slug":"zenski-ruksak-ari-plavi","status":"publish","type":"product","link":"https:\/\/www.torbice.eu\/hr\/izdelek\/zenski-ruksak-ari-plavi\/","title":{"rendered":"\u017denski ruksak Ari plavi"},"content":{"rendered":"<h3 id=\"tw-target-text\" class=\"tw-data-text tw-text-large XcVN5d tw-ta\" dir=\"ltr\" data-placeholder=\"Translation\"><span lang=\"hr\" style=\"font-family: helvetica, arial, sans-serif;\">Kunete li se ruksacima?<\/span><\/h3>\n<h4 class=\"tw-data-text tw-text-large XcVN5d tw-ta\" dir=\"ltr\" data-placeholder=\"Translation\"><span lang=\"hr\" style=\"font-family: helvetica, arial, sans-serif;\">Ruksak Ari je prekrasan, manji i moderan ruksak koji \u0107e vas impresionirati.<\/span><\/h4>\n<ul>\n<li><span style=\"font-family: helvetica, arial, sans-serif;\">Izvana: Sinteti\u010dki<\/span><\/li>\n<li>Vanjski d\u017eep s patentnim zatvara\u010dem<\/li>\n<li>Unutarnji d\u017eepovi s patentnim zatvara\u010dem<\/li>\n<li>Zatvara\u010d: patentni zatvara\u010d<\/li>\n<li>Dimenzije: 23 x 25 x 12 cm<\/li>\n<\/ul>\n","protected":false},"excerpt":{"rendered":"<p>Kunete li se ruksacima? Ruksak Ari je prekrasan, manji i moderan ruksak koji \u0107e vas impresionirati. Izvana: Sinteti\u010dki Vanjski d\u017eep s patentnim zatvara\u010dem Unutarnji d\u017eepovi s patentnim zatvara\u010dem Zatvara\u010d: patentni zatvara\u010d Dimenzije: 23 x 25 x 12 cm<\/p>\n","protected":false},"featured_media":12997,"comment_status":"open","ping_status":"closed","template":"","meta":[],"product_brand":[],"product_cat":[46],"product_tag":[],"yst_prominent_words":[],"class_list":{"0":"post-13002","1":"product","2":"type-product","3":"status-publish","4":"has-post-thumbnail","6":"product_cat-ruksaki","8":"first","9":"instock","10":"sale","11":"taxable","12":"shipping-taxable","13":"purchasable","14":"product-type-simple"},"_links":{"self":[{"href":"https:\/\/www.torbice.eu\/hr\/wp-json\/wp\/v2\/product\/13002","targetHints":{"allow":["GET"]}}],"collection":[{"href":"https:\/\/www.torbice.eu\/hr\/wp-json\/wp\/v2\/product"}],"about":[{"href":"https:\/\/www.torbice.eu\/hr\/wp-json\/wp\/v2\/types\/product"}],"replies":[{"embeddable":true,"href":"https:\/\/www.torbice.eu\/hr\/wp-json\/wp\/v2\/comments?post=13002"}],"wp:featuredmedia":[{"embeddable":true,"href":"https:\/\/www.torbice.eu\/hr\/wp-json\/wp\/v2\/media\/12997"}],"wp:attachment":[{"href":"https:\/\/www.torbice.eu\/hr\/wp-json\/wp\/v2\/media?parent=13002"}],"wp:term":[{"taxonomy":"product_brand","embeddable":true,"href":"https:\/\/www.torbice.eu\/hr\/wp-json\/wp\/v2\/product_brand?post=13002"},{"taxonomy":"product_cat","embeddable":true,"href":"https:\/\/www.torbice.eu\/hr\/wp-json\/wp\/v2\/product_cat?post=13002"},{"taxonomy":"product_tag","embeddable":true,"href":"https:\/\/www.torbice.eu\/hr\/wp-json\/wp\/v2\/product_tag?post=13002"},{"taxonomy":"yst_prominent_words","embeddable":true,"href":"https:\/\/www.torbice.eu\/hr\/wp-json\/wp\/v2\/yst_prominent_words?post=13002"}],"curies":[{"name":"wp","href":"https:\/\/api.w.org\/{rel}","templated":true}]}}