{"id":12983,"date":"2020-08-23T10:00:50","date_gmt":"2020-08-23T08:00:50","guid":{"rendered":"https:\/\/www.torbice.eu\/?post_type=product&#038;p=12983"},"modified":"2021-07-28T17:32:50","modified_gmt":"2021-07-28T15:32:50","slug":"torbica-bea-leopard-zebra","status":"publish","type":"product","link":"https:\/\/www.torbice.eu\/hr\/izdelek\/torbica-bea-leopard-zebra\/","title":{"rendered":"Torbica Bea zebra"},"content":{"rendered":"<p>Torbica sa zebrinim uzorkom u crno-bijeloj boji<\/p>\n<ul>\n<li>Izvana: sinteti\u010dki materijal<\/li>\n<li>Podstava: tekstil<\/li>\n<li>Veliki dio u nutranjosti<\/li>\n<li>2 unutarnja d\u017eepa<\/li>\n<li>1 unutarnji d\u017eep sa zatvara\u010dem<\/li>\n<li>Zatvaranje sa vrtljivom gumbom<\/li>\n<li>Dimenzije: 31 x 19 x 1 cm<\/li>\n<\/ul>\n","protected":false},"excerpt":{"rendered":"<p>Torbica sa zebrinim uzorkom u crno-bijeloj boji Izvana: sinteti\u010dki materijal Podstava: tekstil Veliki dio u nutranjosti 2 unutarnja d\u017eepa 1 unutarnji d\u017eep sa zatvara\u010dem Zatvaranje sa vrtljivom gumbom Dimenzije: 31 x 19 x 1 cm<\/p>\n","protected":false},"featured_media":12985,"comment_status":"open","ping_status":"closed","template":"","meta":[],"product_brand":[],"product_cat":[43,42],"product_tag":[],"yst_prominent_words":[],"class_list":{"0":"post-12983","1":"product","2":"type-product","3":"status-publish","4":"has-post-thumbnail","6":"product_cat-vecernje-torbe","7":"product_cat-zenske-torbe","9":"first","10":"outofstock","11":"sale","12":"taxable","13":"shipping-taxable","14":"purchasable","15":"product-type-simple"},"_links":{"self":[{"href":"https:\/\/www.torbice.eu\/hr\/wp-json\/wp\/v2\/product\/12983","targetHints":{"allow":["GET"]}}],"collection":[{"href":"https:\/\/www.torbice.eu\/hr\/wp-json\/wp\/v2\/product"}],"about":[{"href":"https:\/\/www.torbice.eu\/hr\/wp-json\/wp\/v2\/types\/product"}],"replies":[{"embeddable":true,"href":"https:\/\/www.torbice.eu\/hr\/wp-json\/wp\/v2\/comments?post=12983"}],"wp:featuredmedia":[{"embeddable":true,"href":"https:\/\/www.torbice.eu\/hr\/wp-json\/wp\/v2\/media\/12985"}],"wp:attachment":[{"href":"https:\/\/www.torbice.eu\/hr\/wp-json\/wp\/v2\/media?parent=12983"}],"wp:term":[{"taxonomy":"product_brand","embeddable":true,"href":"https:\/\/www.torbice.eu\/hr\/wp-json\/wp\/v2\/product_brand?post=12983"},{"taxonomy":"product_cat","embeddable":true,"href":"https:\/\/www.torbice.eu\/hr\/wp-json\/wp\/v2\/product_cat?post=12983"},{"taxonomy":"product_tag","embeddable":true,"href":"https:\/\/www.torbice.eu\/hr\/wp-json\/wp\/v2\/product_tag?post=12983"},{"taxonomy":"yst_prominent_words","embeddable":true,"href":"https:\/\/www.torbice.eu\/hr\/wp-json\/wp\/v2\/yst_prominent_words?post=12983"}],"curies":[{"name":"wp","href":"https:\/\/api.w.org\/{rel}","templated":true}]}}