{"id":12969,"date":"2020-08-15T19:23:40","date_gmt":"2020-08-15T17:23:40","guid":{"rendered":"https:\/\/www.torbice.eu\/izdelek\/torbica-isla-plava\/"},"modified":"2020-08-15T19:23:40","modified_gmt":"2020-08-15T17:23:40","slug":"torbica-isla-plava","status":"publish","type":"product","link":"https:\/\/www.torbice.eu\/hr\/izdelek\/torbica-isla-plava\/","title":{"rendered":"Torbica Isla plava"},"content":{"rendered":"<p>Torba s nov\u010danikom za male predmete<\/p>\n<ul>\n<li>Izvana: umjetna ko\u017ea<\/li>\n<li>Podstavljena unutra\u0161njost<\/li>\n<li>Uklju\u010den remen za rame<\/li>\n<li>Jedan veliki unutarnji prostor<\/li>\n<li>Zatvaranje torbe povla\u010denjem na uzici<\/li>\n<li>Uklju\u010dena je mala vre\u0107ica za male predmete<\/li>\n<li>Dimenzije: 26 x 27 x 14 cm<\/li>\n<\/ul>\n","protected":false},"excerpt":{"rendered":"<p>Torba s nov\u010danikom za male predmete Izvana: umjetna ko\u017ea Podstavljena unutra\u0161njost Uklju\u010den remen za rame Jedan veliki unutarnji prostor Zatvaranje torbe povla\u010denjem na uzici Uklju\u010dena je mala vre\u0107ica za male predmete Dimenzije: 26 x 27 x 14 cm<\/p>\n","protected":false},"featured_media":12905,"comment_status":"open","ping_status":"closed","template":"","meta":[],"product_brand":[],"product_cat":[42],"product_tag":[],"yst_prominent_words":[],"class_list":{"0":"post-12969","1":"product","2":"type-product","3":"status-publish","4":"has-post-thumbnail","6":"product_cat-zenske-torbe","8":"first","9":"instock","10":"sale","11":"taxable","12":"shipping-taxable","13":"purchasable","14":"product-type-simple"},"_links":{"self":[{"href":"https:\/\/www.torbice.eu\/hr\/wp-json\/wp\/v2\/product\/12969","targetHints":{"allow":["GET"]}}],"collection":[{"href":"https:\/\/www.torbice.eu\/hr\/wp-json\/wp\/v2\/product"}],"about":[{"href":"https:\/\/www.torbice.eu\/hr\/wp-json\/wp\/v2\/types\/product"}],"replies":[{"embeddable":true,"href":"https:\/\/www.torbice.eu\/hr\/wp-json\/wp\/v2\/comments?post=12969"}],"wp:featuredmedia":[{"embeddable":true,"href":"https:\/\/www.torbice.eu\/hr\/wp-json\/wp\/v2\/media\/12905"}],"wp:attachment":[{"href":"https:\/\/www.torbice.eu\/hr\/wp-json\/wp\/v2\/media?parent=12969"}],"wp:term":[{"taxonomy":"product_brand","embeddable":true,"href":"https:\/\/www.torbice.eu\/hr\/wp-json\/wp\/v2\/product_brand?post=12969"},{"taxonomy":"product_cat","embeddable":true,"href":"https:\/\/www.torbice.eu\/hr\/wp-json\/wp\/v2\/product_cat?post=12969"},{"taxonomy":"product_tag","embeddable":true,"href":"https:\/\/www.torbice.eu\/hr\/wp-json\/wp\/v2\/product_tag?post=12969"},{"taxonomy":"yst_prominent_words","embeddable":true,"href":"https:\/\/www.torbice.eu\/hr\/wp-json\/wp\/v2\/yst_prominent_words?post=12969"}],"curies":[{"name":"wp","href":"https:\/\/api.w.org\/{rel}","templated":true}]}}