{"id":12967,"date":"2020-08-16T21:15:10","date_gmt":"2020-08-16T19:15:10","guid":{"rendered":"https:\/\/www.torbice.eu\/izdelek\/torbica-alexa-srebrna\/"},"modified":"2020-08-16T21:15:10","modified_gmt":"2020-08-16T19:15:10","slug":"torbica-alexa-srebrna","status":"publish","type":"product","link":"https:\/\/www.torbice.eu\/hr\/izdelek\/torbica-alexa-srebrna\/","title":{"rendered":"Torbica Alexa srebrna"},"content":{"rendered":"<p>Posebna toaletna torba s umjetnim krznom.<\/p>\n<ul>\n<li>Izvana: sinteti\u010dki materijal<\/li>\n<li>Interijer: poliester<\/li>\n<li>Lanac za no\u0161enje<\/li>\n<li>Jedan unutarnji d\u017eep<\/li>\n<li>Zatvaranje zatvara\u010da<\/li>\n<li>Dimenzije: 30 x 21 x 1 cm<\/li>\n<\/ul>\n","protected":false},"excerpt":{"rendered":"<p>Posebna toaletna torba s umjetnim krznom. Izvana: sinteti\u010dki materijal Interijer: poliester Lanac za no\u0161enje Jedan unutarnji d\u017eep Zatvaranje zatvara\u010da Dimenzije: 30 x 21 x 1 cm<\/p>\n","protected":false},"featured_media":12917,"comment_status":"open","ping_status":"closed","template":"","meta":[],"product_brand":[],"product_cat":[43,42],"product_tag":[],"yst_prominent_words":[],"class_list":{"0":"post-12967","1":"product","2":"type-product","3":"status-publish","4":"has-post-thumbnail","6":"product_cat-vecernje-torbe","7":"product_cat-zenske-torbe","9":"first","10":"instock","11":"sale","12":"taxable","13":"shipping-taxable","14":"purchasable","15":"product-type-simple"},"_links":{"self":[{"href":"https:\/\/www.torbice.eu\/hr\/wp-json\/wp\/v2\/product\/12967","targetHints":{"allow":["GET"]}}],"collection":[{"href":"https:\/\/www.torbice.eu\/hr\/wp-json\/wp\/v2\/product"}],"about":[{"href":"https:\/\/www.torbice.eu\/hr\/wp-json\/wp\/v2\/types\/product"}],"replies":[{"embeddable":true,"href":"https:\/\/www.torbice.eu\/hr\/wp-json\/wp\/v2\/comments?post=12967"}],"wp:featuredmedia":[{"embeddable":true,"href":"https:\/\/www.torbice.eu\/hr\/wp-json\/wp\/v2\/media\/12917"}],"wp:attachment":[{"href":"https:\/\/www.torbice.eu\/hr\/wp-json\/wp\/v2\/media?parent=12967"}],"wp:term":[{"taxonomy":"product_brand","embeddable":true,"href":"https:\/\/www.torbice.eu\/hr\/wp-json\/wp\/v2\/product_brand?post=12967"},{"taxonomy":"product_cat","embeddable":true,"href":"https:\/\/www.torbice.eu\/hr\/wp-json\/wp\/v2\/product_cat?post=12967"},{"taxonomy":"product_tag","embeddable":true,"href":"https:\/\/www.torbice.eu\/hr\/wp-json\/wp\/v2\/product_tag?post=12967"},{"taxonomy":"yst_prominent_words","embeddable":true,"href":"https:\/\/www.torbice.eu\/hr\/wp-json\/wp\/v2\/yst_prominent_words?post=12967"}],"curies":[{"name":"wp","href":"https:\/\/api.w.org\/{rel}","templated":true}]}}