{"id":12963,"date":"2020-08-18T10:55:41","date_gmt":"2020-08-18T08:55:41","guid":{"rendered":"https:\/\/www.torbice.eu\/izdelek\/transparentna-torbica-star-zlata\/"},"modified":"2020-08-18T10:55:41","modified_gmt":"2020-08-18T08:55:41","slug":"transparentna-torbica-star-zlata","status":"publish","type":"product","link":"https:\/\/www.torbice.eu\/hr\/izdelek\/transparentna-torbica-star-zlata\/","title":{"rendered":"Transparentna torbica Star zlata"},"content":{"rendered":"<p>Prozirna torba s integriranom malom torbom za ramena, koja se tako\u0111er mo\u017ee nositi odvojeno.<\/p>\n<ul>\n<li>Izvana: sinteti\u010dki materijal<\/li>\n<li>Interijer: sinteti\u010dki materijal<\/li>\n<li>Veliki unutarnji prostor<\/li>\n<li>Manja torba s naramenicom koja se mo\u017ee nositi odvojeno<\/li>\n<li>Zatvaranje okretnim gumbom<\/li>\n<li>Dimenzije: 31 x 30 x 15 cm<\/li>\n<\/ul>\n","protected":false},"excerpt":{"rendered":"<p>Prozirna torba s integriranom malom torbom za ramena, koja se tako\u0111er mo\u017ee nositi odvojeno. Izvana: sinteti\u010dki materijal Interijer: sinteti\u010dki materijal Veliki unutarnji prostor Manja torba s naramenicom koja se mo\u017ee nositi odvojeno Zatvaranje okretnim gumbom Dimenzije: 31 x 30 x 15 cm<\/p>\n","protected":false},"featured_media":12952,"comment_status":"open","ping_status":"closed","template":"","meta":[],"product_brand":[],"product_cat":[42],"product_tag":[],"yst_prominent_words":[],"class_list":{"0":"post-12963","1":"product","2":"type-product","3":"status-publish","4":"has-post-thumbnail","6":"product_cat-zenske-torbe","8":"first","9":"instock","10":"sale","11":"taxable","12":"shipping-taxable","13":"purchasable","14":"product-type-simple"},"_links":{"self":[{"href":"https:\/\/www.torbice.eu\/hr\/wp-json\/wp\/v2\/product\/12963","targetHints":{"allow":["GET"]}}],"collection":[{"href":"https:\/\/www.torbice.eu\/hr\/wp-json\/wp\/v2\/product"}],"about":[{"href":"https:\/\/www.torbice.eu\/hr\/wp-json\/wp\/v2\/types\/product"}],"replies":[{"embeddable":true,"href":"https:\/\/www.torbice.eu\/hr\/wp-json\/wp\/v2\/comments?post=12963"}],"wp:featuredmedia":[{"embeddable":true,"href":"https:\/\/www.torbice.eu\/hr\/wp-json\/wp\/v2\/media\/12952"}],"wp:attachment":[{"href":"https:\/\/www.torbice.eu\/hr\/wp-json\/wp\/v2\/media?parent=12963"}],"wp:term":[{"taxonomy":"product_brand","embeddable":true,"href":"https:\/\/www.torbice.eu\/hr\/wp-json\/wp\/v2\/product_brand?post=12963"},{"taxonomy":"product_cat","embeddable":true,"href":"https:\/\/www.torbice.eu\/hr\/wp-json\/wp\/v2\/product_cat?post=12963"},{"taxonomy":"product_tag","embeddable":true,"href":"https:\/\/www.torbice.eu\/hr\/wp-json\/wp\/v2\/product_tag?post=12963"},{"taxonomy":"yst_prominent_words","embeddable":true,"href":"https:\/\/www.torbice.eu\/hr\/wp-json\/wp\/v2\/yst_prominent_words?post=12963"}],"curies":[{"name":"wp","href":"https:\/\/api.w.org\/{rel}","templated":true}]}}