{"id":12859,"date":"2020-07-17T19:07:17","date_gmt":"2020-07-17T17:07:17","guid":{"rendered":"https:\/\/www.torbice.eu\/izdelek\/torbica-tisa-ruzicasta\/"},"modified":"2020-07-17T19:07:17","modified_gmt":"2020-07-17T17:07:17","slug":"torbica-tisa-ruzicasta","status":"publish","type":"product","link":"https:\/\/www.torbice.eu\/hr\/izdelek\/torbica-tisa-ruzicasta\/","title":{"rendered":"Torbica Tisa ru\u017ei\u010dasta"},"content":{"rendered":"<p>Manja torba sa sjajem bit \u0107e vrhunski izbor za ugodne ve\u010deri<\/p>\n<ul>\n<li>Dimenzije: 15 x 21,5 x 9 cm<\/li>\n<li>Du\u017eina lanca: 15 cm<\/li>\n<li>Du\u017eina ramenog pojasa: 60 cm<\/li>\n<li>Materijal: umjetna ko\u017ea<\/li>\n<li>Zatvaranje torbice kop\u010dom<\/li>\n<li>Na stra\u017enjoj strani torbe nalazi se d\u017eep<\/li>\n<li>Iznutra je oblo\u017eena i zatvara se zatvara\u010dem<\/li>\n<\/ul>\n","protected":false},"excerpt":{"rendered":"<p>Manja torba sa sjajem bit \u0107e vrhunski izbor za ugodne ve\u010deri Dimenzije: 15 x 21,5 x 9 cm Du\u017eina lanca: 15 cm Du\u017eina ramenog pojasa: 60 cm Materijal: umjetna ko\u017ea Zatvaranje torbice kop\u010dom Na stra\u017enjoj strani torbe nalazi se d\u017eep Iznutra je oblo\u017eena i zatvara se zatvara\u010dem<\/p>\n","protected":false},"featured_media":12709,"comment_status":"open","ping_status":"closed","template":"","meta":[],"product_brand":[],"product_cat":[43,42],"product_tag":[],"yst_prominent_words":[],"class_list":{"0":"post-12859","1":"product","2":"type-product","3":"status-publish","4":"has-post-thumbnail","6":"product_cat-vecernje-torbe","7":"product_cat-zenske-torbe","9":"first","10":"outofstock","11":"sale","12":"taxable","13":"shipping-taxable","14":"purchasable","15":"product-type-simple"},"_links":{"self":[{"href":"https:\/\/www.torbice.eu\/hr\/wp-json\/wp\/v2\/product\/12859","targetHints":{"allow":["GET"]}}],"collection":[{"href":"https:\/\/www.torbice.eu\/hr\/wp-json\/wp\/v2\/product"}],"about":[{"href":"https:\/\/www.torbice.eu\/hr\/wp-json\/wp\/v2\/types\/product"}],"replies":[{"embeddable":true,"href":"https:\/\/www.torbice.eu\/hr\/wp-json\/wp\/v2\/comments?post=12859"}],"wp:featuredmedia":[{"embeddable":true,"href":"https:\/\/www.torbice.eu\/hr\/wp-json\/wp\/v2\/media\/12709"}],"wp:attachment":[{"href":"https:\/\/www.torbice.eu\/hr\/wp-json\/wp\/v2\/media?parent=12859"}],"wp:term":[{"taxonomy":"product_brand","embeddable":true,"href":"https:\/\/www.torbice.eu\/hr\/wp-json\/wp\/v2\/product_brand?post=12859"},{"taxonomy":"product_cat","embeddable":true,"href":"https:\/\/www.torbice.eu\/hr\/wp-json\/wp\/v2\/product_cat?post=12859"},{"taxonomy":"product_tag","embeddable":true,"href":"https:\/\/www.torbice.eu\/hr\/wp-json\/wp\/v2\/product_tag?post=12859"},{"taxonomy":"yst_prominent_words","embeddable":true,"href":"https:\/\/www.torbice.eu\/hr\/wp-json\/wp\/v2\/yst_prominent_words?post=12859"}],"curies":[{"name":"wp","href":"https:\/\/api.w.org\/{rel}","templated":true}]}}