{"id":12856,"date":"2020-07-17T19:53:41","date_gmt":"2020-07-17T17:53:41","guid":{"rendered":"https:\/\/www.torbice.eu\/izdelek\/novcanik-lina-ruzicasta\/"},"modified":"2020-08-11T17:59:21","modified_gmt":"2020-08-11T15:59:21","slug":"novcanik-lina-ruzicasta","status":"publish","type":"product","link":"https:\/\/www.torbice.eu\/hr\/izdelek\/novcanik-lina-ruzicasta\/","title":{"rendered":"Nov\u010danik Lina ru\u017ei\u010dasta"},"content":{"rendered":"<p>Nov\u010danik u ru\u017ei\u010dastom uzroku<\/p>\n<ul>\n<li>Dimenzije: 10 x 20,5 x 2,5 cm (vidi sliku s dimenzijama)<\/li>\n<li>Nov\u010danik ima puno mjesta za kartice, papirni novac i odjeljak za promjene<\/li>\n<li>Zatvaranje z zatvara\u010dem<\/li>\n<\/ul>\n","protected":false},"excerpt":{"rendered":"<p>Nov\u010danik u ru\u017ei\u010dastom uzroku Dimenzije: 10 x 20,5 x 2,5 cm (vidi sliku s dimenzijama) Nov\u010danik ima puno mjesta za kartice, papirni novac i odjeljak za promjene Zatvaranje z zatvara\u010dem<\/p>\n","protected":false},"featured_media":12754,"comment_status":"open","ping_status":"closed","template":"","meta":[],"product_brand":[],"product_cat":[47],"product_tag":[],"yst_prominent_words":[],"class_list":{"0":"post-12856","1":"product","2":"type-product","3":"status-publish","4":"has-post-thumbnail","6":"product_cat-novacnici","8":"first","9":"outofstock","10":"sale","11":"taxable","12":"shipping-taxable","13":"purchasable","14":"product-type-simple"},"_links":{"self":[{"href":"https:\/\/www.torbice.eu\/hr\/wp-json\/wp\/v2\/product\/12856","targetHints":{"allow":["GET"]}}],"collection":[{"href":"https:\/\/www.torbice.eu\/hr\/wp-json\/wp\/v2\/product"}],"about":[{"href":"https:\/\/www.torbice.eu\/hr\/wp-json\/wp\/v2\/types\/product"}],"replies":[{"embeddable":true,"href":"https:\/\/www.torbice.eu\/hr\/wp-json\/wp\/v2\/comments?post=12856"}],"wp:featuredmedia":[{"embeddable":true,"href":"https:\/\/www.torbice.eu\/hr\/wp-json\/wp\/v2\/media\/12754"}],"wp:attachment":[{"href":"https:\/\/www.torbice.eu\/hr\/wp-json\/wp\/v2\/media?parent=12856"}],"wp:term":[{"taxonomy":"product_brand","embeddable":true,"href":"https:\/\/www.torbice.eu\/hr\/wp-json\/wp\/v2\/product_brand?post=12856"},{"taxonomy":"product_cat","embeddable":true,"href":"https:\/\/www.torbice.eu\/hr\/wp-json\/wp\/v2\/product_cat?post=12856"},{"taxonomy":"product_tag","embeddable":true,"href":"https:\/\/www.torbice.eu\/hr\/wp-json\/wp\/v2\/product_tag?post=12856"},{"taxonomy":"yst_prominent_words","embeddable":true,"href":"https:\/\/www.torbice.eu\/hr\/wp-json\/wp\/v2\/yst_prominent_words?post=12856"}],"curies":[{"name":"wp","href":"https:\/\/api.w.org\/{rel}","templated":true}]}}