{"id":12855,"date":"2020-08-02T10:10:26","date_gmt":"2020-08-02T08:10:26","guid":{"rendered":"https:\/\/www.torbice.eu\/izdelek\/torbica-karin-crna\/"},"modified":"2020-08-02T10:10:26","modified_gmt":"2020-08-02T08:10:26","slug":"torbica-karin-crna","status":"publish","type":"product","link":"https:\/\/www.torbice.eu\/hr\/izdelek\/torbica-karin-crna\/","title":{"rendered":"Torbica Karin crna"},"content":{"rendered":"<ul>\n<li>Dimenzije: 28,5 x 35,5 x 17 cm<\/li>\n<li>Du\u017eina ru\u010dki: 24 cm<\/li>\n<li>Prostrani interijer<\/li>\n<li>Na sebi ima dva d\u017eepa (jedan s patentnim zatvara\u010dem) u koji mo\u017eete pohraniti male predmete &#8211; klju\u010deve, mobilni telefon, ru\u017e za usne, &#8230;<\/li>\n<li>Unutra\u0161njost je tirkizna<\/li>\n<li>Torba se zatvara kukom<\/li>\n<li>Vanjska strana torbe izuzetno je izdr\u017eljiva i lako se \u010disti<\/li>\n<li>Dno torbe je oja\u010dano mre\u017eama, pa je torba dodatno za\u0161ti\u0107ena<\/li>\n<\/ul>\n","protected":false},"excerpt":{"rendered":"<p>Dimenzije: 28,5 x 35,5 x 17 cm Du\u017eina ru\u010dki: 24 cm Prostrani interijer Na sebi ima dva d\u017eepa (jedan s patentnim zatvara\u010dem) u koji mo\u017eete pohraniti male predmete &#8211; klju\u010deve, mobilni telefon, ru\u017e za usne, &#8230; Unutra\u0161njost je tirkizna Torba se zatvara kukom Vanjska strana torbe izuzetno je izdr\u017eljiva i lako se \u010disti Dno torbe [&#8230;]\n","protected":false},"featured_media":12781,"comment_status":"open","ping_status":"closed","template":"","meta":[],"product_brand":[],"product_cat":[42],"product_tag":[],"yst_prominent_words":[],"class_list":{"0":"post-12855","1":"product","2":"type-product","3":"status-publish","4":"has-post-thumbnail","6":"product_cat-zenske-torbe","8":"first","9":"outofstock","10":"sale","11":"taxable","12":"shipping-taxable","13":"purchasable","14":"product-type-simple"},"_links":{"self":[{"href":"https:\/\/www.torbice.eu\/hr\/wp-json\/wp\/v2\/product\/12855","targetHints":{"allow":["GET"]}}],"collection":[{"href":"https:\/\/www.torbice.eu\/hr\/wp-json\/wp\/v2\/product"}],"about":[{"href":"https:\/\/www.torbice.eu\/hr\/wp-json\/wp\/v2\/types\/product"}],"replies":[{"embeddable":true,"href":"https:\/\/www.torbice.eu\/hr\/wp-json\/wp\/v2\/comments?post=12855"}],"wp:featuredmedia":[{"embeddable":true,"href":"https:\/\/www.torbice.eu\/hr\/wp-json\/wp\/v2\/media\/12781"}],"wp:attachment":[{"href":"https:\/\/www.torbice.eu\/hr\/wp-json\/wp\/v2\/media?parent=12855"}],"wp:term":[{"taxonomy":"product_brand","embeddable":true,"href":"https:\/\/www.torbice.eu\/hr\/wp-json\/wp\/v2\/product_brand?post=12855"},{"taxonomy":"product_cat","embeddable":true,"href":"https:\/\/www.torbice.eu\/hr\/wp-json\/wp\/v2\/product_cat?post=12855"},{"taxonomy":"product_tag","embeddable":true,"href":"https:\/\/www.torbice.eu\/hr\/wp-json\/wp\/v2\/product_tag?post=12855"},{"taxonomy":"yst_prominent_words","embeddable":true,"href":"https:\/\/www.torbice.eu\/hr\/wp-json\/wp\/v2\/yst_prominent_words?post=12855"}],"curies":[{"name":"wp","href":"https:\/\/api.w.org\/{rel}","templated":true}]}}